{"id":2411,"date":"2023-07-24T11:55:39","date_gmt":"2023-07-24T11:55:39","guid":{"rendered":"http:\/\/tsba.org.rs\/turkish-serbian-business-association\/documents\/"},"modified":"2023-08-23T11:18:58","modified_gmt":"2023-08-23T11:18:58","slug":"dokumenta","status":"publish","type":"page","link":"https:\/\/tsba.org.rs\/sr\/dokumenta\/","title":{"rendered":"Dokumenta"},"content":{"rendered":"<div class=\"fusion-fullwidth fullwidth-box fusion-builder-row-1 fusion-flex-container has-pattern-background has-mask-background nonhundred-percent-fullwidth non-hundred-percent-height-scrolling\" style=\"--awb-border-radius-top-left:0px;--awb-border-radius-top-right:0px;--awb-border-radius-bottom-right:0px;--awb-border-radius-bottom-left:0px;--awb-padding-top:100px;--awb-padding-bottom:100px;--awb-padding-top-small:0px;--awb-flex-wrap:wrap;\" ><div class=\"fusion-builder-row fusion-row fusion-flex-align-items-flex-start fusion-flex-content-wrap\" style=\"max-width:1248px;margin-left: calc(-4% \/ 2 );margin-right: calc(-4% \/ 2 );\"><div class=\"fusion-layout-column fusion_builder_column fusion-builder-column-0 fusion_builder_column_1_3 1_3 fusion-flex-column\" style=\"--awb-bg-size:cover;--awb-width-large:33.333333333333%;--awb-margin-top-large:0px;--awb-spacing-right-large:5.76%;--awb-margin-bottom-large:20px;--awb-spacing-left-large:5.76%;--awb-width-medium:100%;--awb-order-medium:0;--awb-spacing-right-medium:1.92%;--awb-spacing-left-medium:1.92%;--awb-width-small:100%;--awb-order-small:0;--awb-spacing-right-small:1.92%;--awb-margin-bottom-small:100px;--awb-spacing-left-small:1.92%;\"><div class=\"fusion-column-wrapper fusion-column-has-shadow fusion-flex-justify-content-flex-start fusion-content-layout-column\"><div class=\"fusion-image-element \" style=\"text-align:center;--awb-caption-title-font-family:var(--h2_typography-font-family);--awb-caption-title-font-weight:var(--h2_typography-font-weight);--awb-caption-title-font-style:var(--h2_typography-font-style);--awb-caption-title-size:var(--h2_typography-font-size);--awb-caption-title-transform:var(--h2_typography-text-transform);--awb-caption-title-line-height:var(--h2_typography-line-height);--awb-caption-title-letter-spacing:var(--h2_typography-letter-spacing);\"><span class=\" fusion-imageframe imageframe-none imageframe-1 hover-type-none\"><img decoding=\"async\" width=\"49\" height=\"49\" title=\"TSBA-icon\" src=\"data:image\/svg+xml,%3Csvg%20xmlns%3D%27http%3A%2F%2Fwww.w3.org%2F2000%2Fsvg%27%20width%3D%2749%27%20height%3D%2749%27%20viewBox%3D%270%200%2049%2049%27%3E%3Crect%20width%3D%2749%27%20height%3D%2749%27%20fill-opacity%3D%220%22%2F%3E%3C%2Fsvg%3E\" data-orig-src=\"https:\/\/tsba.org.rs\/wp-content\/uploads\/2020\/08\/TSBA-icon.png\" alt class=\"lazyload img-responsive wp-image-1432\"\/><\/span><\/div><div class=\"fusion-title title fusion-title-1 fusion-sep-none fusion-title-center fusion-title-text fusion-title-size-two\" style=\"--awb-margin-top:20px;--awb-margin-bottom:20px;\"><h2 class=\"fusion-title-heading title-heading-center fusion-responsive-typography-calculated\" style=\"margin:0;--fontSize:25;--minFontSize:25;line-height:1.2;\">Nova pravila za boravak i zapo\u0161ljavanje stranaca u Srbiji<\/h2><\/div><div style=\"text-align:center;\"><a class=\"fusion-button button-flat button-medium button-custom fusion-button-default button-1 fusion-button-default-span \" style=\"--button_accent_color:#ad1e2b;--button_accent_hover_color:#ffffff;--button_border_hover_color:#ad1e2b;--button_border_width-top:2px;--button_border_width-right:2px;--button_border_width-bottom:2px;--button_border_width-left:2px;--button_gradient_top_color:#ffffff;--button_gradient_bottom_color:#ffffff;--button_gradient_top_color_hover:#ad1e2b;--button_gradient_bottom_color_hover:#ad1e2b;--button_text_transform:uppercase;--button_margin-top:30px;\" target=\"_blank\" rel=\"noopener noreferrer\" href=\"https:\/\/tsba.org.rs\/wp-content\/uploads\/2023\/08\/Nova-pravila-za-boravak-i-zaposljavanje-stranaca-u-Srbiji.pdf\"><span class=\"fusion-button-text\">Download<\/span><\/a><\/div><\/div><\/div><div class=\"fusion-layout-column fusion_builder_column fusion-builder-column-1 fusion_builder_column_1_3 1_3 fusion-flex-column\" style=\"--awb-bg-size:cover;--awb-width-large:33.333333333333%;--awb-margin-top-large:0px;--awb-spacing-right-large:5.76%;--awb-margin-bottom-large:20px;--awb-spacing-left-large:5.76%;--awb-width-medium:100%;--awb-order-medium:0;--awb-spacing-right-medium:1.92%;--awb-spacing-left-medium:1.92%;--awb-width-small:100%;--awb-order-small:0;--awb-spacing-right-small:1.92%;--awb-margin-bottom-small:100px;--awb-spacing-left-small:1.92%;\"><div class=\"fusion-column-wrapper fusion-column-has-shadow fusion-flex-justify-content-flex-start fusion-content-layout-column\"><div class=\"fusion-image-element \" style=\"text-align:center;--awb-caption-title-font-family:var(--h2_typography-font-family);--awb-caption-title-font-weight:var(--h2_typography-font-weight);--awb-caption-title-font-style:var(--h2_typography-font-style);--awb-caption-title-size:var(--h2_typography-font-size);--awb-caption-title-transform:var(--h2_typography-text-transform);--awb-caption-title-line-height:var(--h2_typography-line-height);--awb-caption-title-letter-spacing:var(--h2_typography-letter-spacing);\"><span class=\" fusion-imageframe imageframe-none imageframe-2 hover-type-none\"><img decoding=\"async\" width=\"49\" height=\"49\" title=\"TSBA-icon\" src=\"data:image\/svg+xml,%3Csvg%20xmlns%3D%27http%3A%2F%2Fwww.w3.org%2F2000%2Fsvg%27%20width%3D%2749%27%20height%3D%2749%27%20viewBox%3D%270%200%2049%2049%27%3E%3Crect%20width%3D%2749%27%20height%3D%2749%27%20fill-opacity%3D%220%22%2F%3E%3C%2Fsvg%3E\" data-orig-src=\"https:\/\/tsba.org.rs\/wp-content\/uploads\/2020\/08\/TSBA-icon.png\" alt class=\"lazyload img-responsive wp-image-1432\"\/><\/span><\/div><div class=\"fusion-title title fusion-title-2 fusion-sep-none fusion-title-center fusion-title-text fusion-title-size-two\" style=\"--awb-margin-top:20px;--awb-margin-bottom:20px;\"><h2 class=\"fusion-title-heading title-heading-center fusion-responsive-typography-calculated\" style=\"margin:0;--fontSize:25;--minFontSize:25;line-height:1.2;\">TSPU Obavezna dokumentacija za odobrenje privremenog boravka po osnovu zapo\u0161ljavanja RS<\/h2><\/div><div style=\"text-align:center;\"><a class=\"fusion-button button-flat button-medium button-custom fusion-button-default button-2 fusion-button-default-span \" style=\"--button_accent_color:#ad1e2b;--button_accent_hover_color:#ffffff;--button_border_hover_color:#ad1e2b;--button_border_width-top:2px;--button_border_width-right:2px;--button_border_width-bottom:2px;--button_border_width-left:2px;--button_gradient_top_color:#ffffff;--button_gradient_bottom_color:#ffffff;--button_gradient_top_color_hover:#ad1e2b;--button_gradient_bottom_color_hover:#ad1e2b;--button_text_transform:uppercase;--button_margin-top:30px;\" target=\"_blank\" rel=\"noopener noreferrer\" href=\"https:\/\/tsba.org.rs\/wp-content\/uploads\/2023\/07\/TSPU-Obavezna-dokumentacija-za-odobrenje-privremenog-boravka-po-osnovu-zaposljavanja-RS.pdf\"><span class=\"fusion-button-text\">Download<\/span><\/a><\/div><\/div><\/div><div class=\"fusion-layout-column fusion_builder_column fusion-builder-column-2 fusion_builder_column_1_3 1_3 fusion-flex-column\" style=\"--awb-bg-size:cover;--awb-width-large:33.333333333333%;--awb-margin-top-large:0px;--awb-spacing-right-large:5.76%;--awb-margin-bottom-large:20px;--awb-spacing-left-large:5.76%;--awb-width-medium:100%;--awb-order-medium:0;--awb-spacing-right-medium:1.92%;--awb-spacing-left-medium:1.92%;--awb-width-small:100%;--awb-order-small:0;--awb-spacing-right-small:1.92%;--awb-spacing-left-small:1.92%;\"><div class=\"fusion-column-wrapper fusion-column-has-shadow fusion-flex-justify-content-flex-start fusion-content-layout-column\"><div class=\"fusion-image-element \" style=\"text-align:center;--awb-caption-title-font-family:var(--h2_typography-font-family);--awb-caption-title-font-weight:var(--h2_typography-font-weight);--awb-caption-title-font-style:var(--h2_typography-font-style);--awb-caption-title-size:var(--h2_typography-font-size);--awb-caption-title-transform:var(--h2_typography-text-transform);--awb-caption-title-line-height:var(--h2_typography-line-height);--awb-caption-title-letter-spacing:var(--h2_typography-letter-spacing);\"><span class=\" fusion-imageframe imageframe-none imageframe-3 hover-type-none\"><img decoding=\"async\" width=\"49\" height=\"49\" title=\"TSBA-icon\" src=\"data:image\/svg+xml,%3Csvg%20xmlns%3D%27http%3A%2F%2Fwww.w3.org%2F2000%2Fsvg%27%20width%3D%2749%27%20height%3D%2749%27%20viewBox%3D%270%200%2049%2049%27%3E%3Crect%20width%3D%2749%27%20height%3D%2749%27%20fill-opacity%3D%220%22%2F%3E%3C%2Fsvg%3E\" data-orig-src=\"https:\/\/tsba.org.rs\/wp-content\/uploads\/2020\/08\/TSBA-icon.png\" alt class=\"lazyload img-responsive wp-image-1432\"\/><\/span><\/div><div class=\"fusion-title title fusion-title-3 fusion-sep-none fusion-title-center fusion-title-text fusion-title-size-two\" style=\"--awb-margin-top:20px;--awb-margin-bottom:20px;\"><h2 class=\"fusion-title-heading title-heading-center fusion-responsive-typography-calculated\" style=\"margin:0;--fontSize:25;--minFontSize:25;line-height:1.2;\">Tursko-Srpsko privredno udru\u017eenje &#8211; Obave\u0161tenje o obavezama koje proisti\u010du iz Zakona o radu RS<\/h2><\/div><div style=\"text-align:center;\"><a class=\"fusion-button button-flat button-medium button-custom fusion-button-default button-3 fusion-button-default-span \" style=\"--button_accent_color:#ad1e2b;--button_accent_hover_color:#ffffff;--button_border_hover_color:#ad1e2b;--button_border_width-top:2px;--button_border_width-right:2px;--button_border_width-bottom:2px;--button_border_width-left:2px;--button_gradient_top_color:#ffffff;--button_gradient_bottom_color:#ffffff;--button_gradient_top_color_hover:#ad1e2b;--button_gradient_bottom_color_hover:#ad1e2b;--button_text_transform:uppercase;--button_margin-top:30px;\" target=\"_blank\" rel=\"noopener noreferrer\" href=\"https:\/\/tsba.org.rs\/wp-content\/uploads\/2023\/07\/TSPU-Obavestenje-o-obavezama-koje-proisticu-iz-Zakona-o-radu-RS.pdf\"><span class=\"fusion-button-text\">Download<\/span><\/a><\/div><\/div><\/div><\/div><\/div>\n","protected":false},"excerpt":{"rendered":"","protected":false},"author":2,"featured_media":0,"parent":0,"menu_order":0,"comment_status":"closed","ping_status":"closed","template":"100-width.php","meta":{"_acf_changed":false,"footnotes":""},"class_list":["post-2411","page","type-page","status-publish","hentry"],"acf":[],"yoast_head":"<!-- This site is optimized with the Yoast SEO plugin v23.5 - https:\/\/yoast.com\/wordpress\/plugins\/seo\/ -->\n<title>Dokumenta - Turkish-Serbian Business Association<\/title>\n<meta name=\"robots\" content=\"index, follow, max-snippet:-1, max-image-preview:large, max-video-preview:-1\" \/>\n<link rel=\"canonical\" href=\"https:\/\/tsba.org.rs\/sr\/dokumenta\/\" \/>\n<meta property=\"og:locale\" content=\"sr_RS\" \/>\n<meta property=\"og:type\" content=\"article\" \/>\n<meta property=\"og:title\" content=\"Dokumenta - Turkish-Serbian Business Association\" \/>\n<meta property=\"og:url\" content=\"https:\/\/tsba.org.rs\/sr\/dokumenta\/\" \/>\n<meta property=\"og:site_name\" content=\"Turkish-Serbian Business Association\" \/>\n<meta property=\"article:modified_time\" content=\"2023-08-23T11:18:58+00:00\" \/>\n<meta name=\"twitter:card\" content=\"summary_large_image\" \/>\n<meta name=\"twitter:site\" content=\"@TSBA_Serbia\" \/>\n<meta name=\"twitter:label1\" content=\"\u041f\u0440\u043e\u0446\u0435\u045a\u0435\u043d\u043e \u0432\u0440\u0435\u043c\u0435 \u0447\u0438\u0442\u0430\u045a\u0430\" \/>\n\t<meta name=\"twitter:data1\" content=\"13 \u043c\u0438\u043d\u0443\u0442\u0430\" \/>\n<script type=\"application\/ld+json\" class=\"yoast-schema-graph\">{\"@context\":\"https:\/\/schema.org\",\"@graph\":[{\"@type\":\"WebPage\",\"@id\":\"https:\/\/tsba.org.rs\/sr\/dokumenta\/\",\"url\":\"https:\/\/tsba.org.rs\/sr\/dokumenta\/\",\"name\":\"Dokumenta - Turkish-Serbian Business Association\",\"isPartOf\":{\"@id\":\"https:\/\/tsba.org.rs\/sr\/#website\"},\"datePublished\":\"2023-07-24T11:55:39+00:00\",\"dateModified\":\"2023-08-23T11:18:58+00:00\",\"breadcrumb\":{\"@id\":\"https:\/\/tsba.org.rs\/sr\/dokumenta\/#breadcrumb\"},\"inLanguage\":\"sr-RS\",\"potentialAction\":[{\"@type\":\"ReadAction\",\"target\":[\"https:\/\/tsba.org.rs\/sr\/dokumenta\/\"]}]},{\"@type\":\"BreadcrumbList\",\"@id\":\"https:\/\/tsba.org.rs\/sr\/dokumenta\/#breadcrumb\",\"itemListElement\":[{\"@type\":\"ListItem\",\"position\":1,\"name\":\"Home\",\"item\":\"https:\/\/tsba.org.rs\/sr\/\"},{\"@type\":\"ListItem\",\"position\":2,\"name\":\"Dokumenta\"}]},{\"@type\":\"WebSite\",\"@id\":\"https:\/\/tsba.org.rs\/sr\/#website\",\"url\":\"https:\/\/tsba.org.rs\/sr\/\",\"name\":\"Turkish-Serbian Business Association\",\"description\":\"\",\"publisher\":{\"@id\":\"https:\/\/tsba.org.rs\/sr\/#organization\"},\"potentialAction\":[{\"@type\":\"SearchAction\",\"target\":{\"@type\":\"EntryPoint\",\"urlTemplate\":\"https:\/\/tsba.org.rs\/sr\/?s={search_term_string}\"},\"query-input\":{\"@type\":\"PropertyValueSpecification\",\"valueRequired\":true,\"valueName\":\"search_term_string\"}}],\"inLanguage\":\"sr-RS\"},{\"@type\":\"Organization\",\"@id\":\"https:\/\/tsba.org.rs\/sr\/#organization\",\"name\":\"Turkish Serbian Business Association\",\"url\":\"https:\/\/tsba.org.rs\/sr\/\",\"logo\":{\"@type\":\"ImageObject\",\"inLanguage\":\"sr-RS\",\"@id\":\"https:\/\/tsba.org.rs\/sr\/#\/schema\/logo\/image\/\",\"url\":\"https:\/\/tsba.org.rs\/wp-content\/uploads\/2020\/06\/logo-250x53-1.png\",\"contentUrl\":\"https:\/\/tsba.org.rs\/wp-content\/uploads\/2020\/06\/logo-250x53-1.png\",\"width\":250,\"height\":53,\"caption\":\"Turkish Serbian Business Association\"},\"image\":{\"@id\":\"https:\/\/tsba.org.rs\/sr\/#\/schema\/logo\/image\/\"},\"sameAs\":[\"https:\/\/x.com\/TSBA_Serbia\",\"https:\/\/www.instagram.com\/tsbaserbia\/\",\"https:\/\/www.linkedin.com\/company\/turkish-serbian-business-association\"]}]}<\/script>\n<!-- \/ Yoast SEO plugin. -->","yoast_head_json":{"title":"Dokumenta - Turkish-Serbian Business Association","robots":{"index":"index","follow":"follow","max-snippet":"max-snippet:-1","max-image-preview":"max-image-preview:large","max-video-preview":"max-video-preview:-1"},"canonical":"https:\/\/tsba.org.rs\/sr\/dokumenta\/","og_locale":"sr_RS","og_type":"article","og_title":"Dokumenta - Turkish-Serbian Business Association","og_url":"https:\/\/tsba.org.rs\/sr\/dokumenta\/","og_site_name":"Turkish-Serbian Business Association","article_modified_time":"2023-08-23T11:18:58+00:00","twitter_card":"summary_large_image","twitter_site":"@TSBA_Serbia","twitter_misc":{"\u041f\u0440\u043e\u0446\u0435\u045a\u0435\u043d\u043e \u0432\u0440\u0435\u043c\u0435 \u0447\u0438\u0442\u0430\u045a\u0430":"13 \u043c\u0438\u043d\u0443\u0442\u0430"},"schema":{"@context":"https:\/\/schema.org","@graph":[{"@type":"WebPage","@id":"https:\/\/tsba.org.rs\/sr\/dokumenta\/","url":"https:\/\/tsba.org.rs\/sr\/dokumenta\/","name":"Dokumenta - Turkish-Serbian Business Association","isPartOf":{"@id":"https:\/\/tsba.org.rs\/sr\/#website"},"datePublished":"2023-07-24T11:55:39+00:00","dateModified":"2023-08-23T11:18:58+00:00","breadcrumb":{"@id":"https:\/\/tsba.org.rs\/sr\/dokumenta\/#breadcrumb"},"inLanguage":"sr-RS","potentialAction":[{"@type":"ReadAction","target":["https:\/\/tsba.org.rs\/sr\/dokumenta\/"]}]},{"@type":"BreadcrumbList","@id":"https:\/\/tsba.org.rs\/sr\/dokumenta\/#breadcrumb","itemListElement":[{"@type":"ListItem","position":1,"name":"Home","item":"https:\/\/tsba.org.rs\/sr\/"},{"@type":"ListItem","position":2,"name":"Dokumenta"}]},{"@type":"WebSite","@id":"https:\/\/tsba.org.rs\/sr\/#website","url":"https:\/\/tsba.org.rs\/sr\/","name":"Turkish-Serbian Business Association","description":"","publisher":{"@id":"https:\/\/tsba.org.rs\/sr\/#organization"},"potentialAction":[{"@type":"SearchAction","target":{"@type":"EntryPoint","urlTemplate":"https:\/\/tsba.org.rs\/sr\/?s={search_term_string}"},"query-input":{"@type":"PropertyValueSpecification","valueRequired":true,"valueName":"search_term_string"}}],"inLanguage":"sr-RS"},{"@type":"Organization","@id":"https:\/\/tsba.org.rs\/sr\/#organization","name":"Turkish Serbian Business Association","url":"https:\/\/tsba.org.rs\/sr\/","logo":{"@type":"ImageObject","inLanguage":"sr-RS","@id":"https:\/\/tsba.org.rs\/sr\/#\/schema\/logo\/image\/","url":"https:\/\/tsba.org.rs\/wp-content\/uploads\/2020\/06\/logo-250x53-1.png","contentUrl":"https:\/\/tsba.org.rs\/wp-content\/uploads\/2020\/06\/logo-250x53-1.png","width":250,"height":53,"caption":"Turkish Serbian Business Association"},"image":{"@id":"https:\/\/tsba.org.rs\/sr\/#\/schema\/logo\/image\/"},"sameAs":["https:\/\/x.com\/TSBA_Serbia","https:\/\/www.instagram.com\/tsbaserbia\/","https:\/\/www.linkedin.com\/company\/turkish-serbian-business-association"]}]}},"_links":{"self":[{"href":"https:\/\/tsba.org.rs\/sr\/wp-json\/wp\/v2\/pages\/2411","targetHints":{"allow":["GET"]}}],"collection":[{"href":"https:\/\/tsba.org.rs\/sr\/wp-json\/wp\/v2\/pages"}],"about":[{"href":"https:\/\/tsba.org.rs\/sr\/wp-json\/wp\/v2\/types\/page"}],"author":[{"embeddable":true,"href":"https:\/\/tsba.org.rs\/sr\/wp-json\/wp\/v2\/users\/2"}],"replies":[{"embeddable":true,"href":"https:\/\/tsba.org.rs\/sr\/wp-json\/wp\/v2\/comments?post=2411"}],"version-history":[{"count":3,"href":"https:\/\/tsba.org.rs\/sr\/wp-json\/wp\/v2\/pages\/2411\/revisions"}],"predecessor-version":[{"id":2468,"href":"https:\/\/tsba.org.rs\/sr\/wp-json\/wp\/v2\/pages\/2411\/revisions\/2468"}],"wp:attachment":[{"href":"https:\/\/tsba.org.rs\/sr\/wp-json\/wp\/v2\/media?parent=2411"}],"curies":[{"name":"wp","href":"https:\/\/api.w.org\/{rel}","templated":true}]}}