{"id":467,"date":"2020-07-10T17:02:48","date_gmt":"2020-07-10T17:02:48","guid":{"rendered":"http:\/\/tsba.org.rs\/turkish-serbian-business-association\/?page_id=467"},"modified":"2024-07-17T14:41:08","modified_gmt":"2024-07-17T14:41:08","slug":"clanovi","status":"publish","type":"page","link":"https:\/\/tsba.org.rs\/sr\/clanovi\/","title":{"rendered":"\u010clanovi"},"content":{"rendered":"<p><div class=\"fusion-fullwidth fullwidth-box fusion-builder-row-1 nonhundred-percent-fullwidth non-hundred-percent-height-scrolling\" style=\"--awb-border-radius-top-left:0px;--awb-border-radius-top-right:0px;--awb-border-radius-bottom-right:0px;--awb-border-radius-bottom-left:0px;--awb-flex-wrap:wrap;\" ><div class=\"fusion-builder-row fusion-row\"><div class=\"fusion-layout-column fusion_builder_column fusion-builder-column-0 fusion_builder_column_1_6 1_6 fusion-one-sixth fusion-column-first\" style=\"--awb-bg-size:cover;width:16.666666666667%;width:calc(16.666666666667% - ( ( 4% + 4% ) * 0.16666666666667 ) );margin-right: 4%;\"><div class=\"fusion-column-wrapper fusion-column-has-shadow fusion-flex-column-wrapper-legacy\"><div class=\"fusion-clearfix\"><\/div><\/div><\/div><div class=\"fusion-layout-column fusion_builder_column fusion-builder-column-1 fusion_builder_column_2_3 2_3 fusion-two-third\" style=\"--awb-bg-size:cover;width:66.666666666667%;width:calc(66.666666666667% - ( ( 4% + 4% ) * 0.66666666666667 ) );margin-right: 4%;\"><div class=\"fusion-column-wrapper fusion-column-has-shadow fusion-flex-column-wrapper-legacy\"><div class=\"fusion-text fusion-text-1\"><p id=\"tw-target-rmn\" class=\"tw-data-text tw-text-small tw-ta\" dir=\"ltr\">\u010clanovi na\u0161eg udru\u017eenja su pravna i fizi\u010dka lica koja posluju u Republici Srbiji. Re\u010d je o eminentnim poslovnim ljudima iz razli\u010ditih privrednih sektora: bankarstva, finansija, turizma, gra\u0111evinarstva, infrastrukture, proizvodnje kartona i plastike, proizvodnje gra\u0111evinskog materijala, tekstilne industrije, poljoprivrede, ra\u010dunovodstvenih i konsultantskih usluga, veleprodaje itd.<\/p>\n<\/div><div class=\"fusion-clearfix\"><\/div><\/div><\/div><div class=\"fusion-layout-column fusion_builder_column fusion-builder-column-2 fusion_builder_column_1_6 1_6 fusion-one-sixth fusion-column-last\" style=\"--awb-bg-size:cover;width:16.666666666667%;width:calc(16.666666666667% - ( ( 4% + 4% ) * 0.16666666666667 ) );\"><div class=\"fusion-column-wrapper fusion-column-has-shadow fusion-flex-column-wrapper-legacy\"><div class=\"fusion-clearfix\"><\/div><\/div><\/div><\/div><\/div><div class=\"fusion-fullwidth fullwidth-box fusion-builder-row-2 fusion-flex-container has-pattern-background has-mask-background nonhundred-percent-fullwidth non-hundred-percent-height-scrolling\" style=\"--awb-border-radius-top-left:0px;--awb-border-radius-top-right:0px;--awb-border-radius-bottom-right:0px;--awb-border-radius-bottom-left:0px;--awb-flex-wrap:wrap;\" ><div class=\"fusion-builder-row fusion-row fusion-flex-align-items-flex-start fusion-flex-content-wrap\" style=\"max-width:1248px;margin-left: calc(-4% \/ 2 );margin-right: calc(-4% \/ 2 );\"><div class=\"fusion-layout-column fusion_builder_column fusion-builder-column-3 fusion_builder_column_1_1 1_1 fusion-flex-column\" style=\"--awb-bg-color:var(--awb-color1);--awb-bg-color-hover:var(--awb-color1);--awb-bg-size:cover;--awb-width-large:100%;--awb-margin-top-large:0px;--awb-spacing-right-large:1.92%;--awb-margin-bottom-large:20px;--awb-spacing-left-large:1.92%;--awb-width-medium:100%;--awb-order-medium:0;--awb-spacing-right-medium:1.92%;--awb-spacing-left-medium:1.92%;--awb-width-small:100%;--awb-order-small:0;--awb-spacing-right-small:1.92%;--awb-spacing-left-small:1.92%;\" data-scroll-devices=\"small-visibility,medium-visibility,large-visibility\"><div class=\"fusion-column-wrapper fusion-column-has-shadow fusion-flex-justify-content-flex-start fusion-content-layout-column\"><div class=\"fusion-text fusion-text-2\"><p><script type=\"text\/template\" id=\"tmpl-um-member-grid-4zqII\">\n\t<div class=\"um-members um-members-grid\">\n\t\t<div class=\"um-gutter-sizer\"><\/div>\n\n\t\t<# if ( data.length > 0 ) { #>\n\t\t\t<# _.each( data, function( user, key, list ) { #>\n\n\t\t\t\t<div id=\"um-member-{{{user.card_anchor}}}-4zqII\" class=\"um-member um-role-{{{user.role}}} {{{user.account_status}}} \">\n\n\t\t\t\t\t<span class=\"um-member-status {{{user.account_status}}}\">\n\t\t\t\t\t\t{{{user.account_status_name}}}\n\t\t\t\t\t<\/span>\n\n\t\t\t\t\t\t\t\t\t\t\t<div class=\"um-member-photo radius-1\">\n\t\t\t\t\t\t\t<a href=\"{{{user.profile_url}}}\" title=\"<# if ( user.display_name ) { #>{{{user.display_name}}}<# } #>\">\n\t\t\t\t\t\t\t\t{{{user.avatar}}}\n\t\t\t\t\t\t\t\t\t\t\t\t\t\t\t<\/a>\n\t\t\t\t\t\t<\/div>\n\t\t\t\t\t\n\n\t\t\t\t\t<div class=\"um-member-card \">\n\t\t\t\t\t\t\t\t\t\t\t\t\t<# if ( user.display_name_html ) { #>\n\t\t\t\t\t\t\t\t<div class=\"um-member-name\">\n\t\t\t\t\t\t\t\t\t<a href=\"{{{user.profile_url}}}\" title=\"{{{user.display_name}}}\">\n\t\t\t\t\t\t\t\t\t\t{{{user.display_name_html}}}\n\t\t\t\t\t\t\t\t\t<\/a>\n\t\t\t\t\t\t\t\t<\/div>\n\t\t\t\t\t\t\t<# } #>\n\t\t\t\t\t\t\t\t\t\t\t\t{{{user.hook_just_after_name}}}\n\n\n\t\t\t\t\t\t<# if ( user.can_edit ) { #>\n\t\t\t\t\t\t\t<div class=\"um-members-edit-btn\">\n\t\t\t\t\t\t\t\t<a href=\"{{{user.edit_profile_url}}}\" class=\"um-edit-profile-btn um-button um-alt\">\n\t\t\t\t\t\t\t\t\tEdit profile\t\t\t\t\t\t\t\t<\/a>\n\t\t\t\t\t\t\t<\/div>\n\t\t\t\t\t\t<# } #>\n\n\n\t\t\t\t\t\t\t\t\t\t\t\t{{{user.hook_after_user_name}}}\n\n\n\t\t\t\t\t\t\n\t\t\t\t\t\t\t\t<# if ( typeof user['profession_title_en'] !== 'undefined' ) { #>\n\t\t\t\t\t\t\t\t\t<div class=\"um-member-tagline um-member-tagline-profession_title_en\"\n\t\t\t\t\t\t\t\t\t     data-key=\"profession_title_en\">\n\t\t\t\t\t\t\t\t\t\t{{{user['profession_title_en']}}}\n\t\t\t\t\t\t\t\t\t<\/div>\n\t\t\t\t\t\t\t\t<# } #>\n\n\t\t\t\t\t\t\t\n\t\t\t\t\t\t\t\t<# if ( typeof user['profession_title_sr'] !== 'undefined' ) { #>\n\t\t\t\t\t\t\t\t\t<div class=\"um-member-tagline um-member-tagline-profession_title_sr\"\n\t\t\t\t\t\t\t\t\t     data-key=\"profession_title_sr\">\n\t\t\t\t\t\t\t\t\t\t{{{user['profession_title_sr']}}}\n\t\t\t\t\t\t\t\t\t<\/div>\n\t\t\t\t\t\t\t\t<# } #>\n\n\t\t\t\t\t\t\t\n\t\t\t\t\t\t\t\t<# if ( typeof user['profession_title_tr'] !== 'undefined' ) { #>\n\t\t\t\t\t\t\t\t\t<div class=\"um-member-tagline um-member-tagline-profession_title_tr\"\n\t\t\t\t\t\t\t\t\t     data-key=\"profession_title_tr\">\n\t\t\t\t\t\t\t\t\t\t{{{user['profession_title_tr']}}}\n\t\t\t\t\t\t\t\t\t<\/div>\n\t\t\t\t\t\t\t\t<# } #>\n\n\t\t\t\t\t\t\t\n\t\t\t\t\t<\/div>\n\t\t\t\t<\/div>\n\n\t\t\t<# }); #>\n\t\t<# } else { #>\n\n\t\t\t<div class=\"um-members-none\">\n\t\t\t\t<p>We are sorry. We cannot find any users who match your search criteria.<\/p>\n\t\t\t<\/div>\n\n\t\t<# } #>\n\n\t\t<div class=\"um-clear\"><\/div>\n\t<\/div>\n<\/script>\n\n\n<script type=\"text\/template\" id=\"tmpl-um-members-header\">\n\t<div class=\"um-members-intro\">\n\t\t<div class=\"um-members-total\">\n\t\t\t<# if ( data.pagination.total_users == 1 ) { #>\n\t\t\t\t{{{data.pagination.header_single}}}\n\t\t\t<# } else if ( data.pagination.total_users > 1 ) { #>\n\t\t\t\t{{{data.pagination.header}}}\n\t\t\t<# } #>\n\t\t<\/div>\n\t<\/div>\n\n\t<div class=\"um-clear\"><\/div>\n<\/script>\n\n\n<script type=\"text\/template\" id=\"tmpl-um-members-pagination\">\n\t<# if ( data.pagination.pages_to_show.length > 0 ) { #>\n\t\t<div class=\"um-members-pagidrop uimob340-show uimob500-show\">\n\t\t\tJump to page:\t\t\t<select class=\"um-s2 um-members-pagi-dropdown\" style=\"width: 100px;display:inline-block;\">\n\t\t\t\t<# _.each( data.pagination.pages_to_show, function( page, key, list ) { #>\n\t\t\t\t\t<option value=\"{{{page}}}\" <# if ( page == data.pagination.current_page ) { #>selected<# } #>>{{{page}}} of {{{data.pagination.total_pages}}}<\/option>\n\t\t\t\t<# }); #>\n\t\t\t<\/select>\n\t\t<\/div>\n\n\t\t<div class=\"um-members-pagi uimob340-hide uimob500-hide\">\n\t\t\t<span class=\"pagi pagi-arrow <# if ( data.pagination.current_page == 1 ) { #>disabled<# } #>\" data-page=\"first\" aria-label=\"First page\"><i class=\"um-faicon-angle-double-left\"><\/i><\/span>\n\t\t\t<span class=\"pagi pagi-arrow <# if ( data.pagination.current_page == 1 ) { #>disabled<# } #>\" data-page=\"prev\" aria-label=\"Previous page\"><i class=\"um-faicon-angle-left\"><\/i><\/span>\n\n\t\t\t<# _.each( data.pagination.pages_to_show, function( page, key, list ) { #>\n\t\t\t\t<span class=\"pagi <# if ( page == data.pagination.current_page ) { #>current<# } #>\" data-page=\"{{{page}}}\">{{{page}}}<\/span>\n\t\t\t<# }); #>\n\n\t\t\t<span class=\"pagi pagi-arrow <# if ( data.pagination.current_page == data.pagination.total_pages ) { #>disabled<# } #>\" data-page=\"next\" aria-label=\"Next page\"><i class=\"um-faicon-angle-right\"><\/i><\/span>\n\t\t\t<span class=\"pagi pagi-arrow <# if ( data.pagination.current_page == data.pagination.total_pages ) { #>disabled<# } #>\" data-page=\"last\" aria-label=\"Last page\"><i class=\"um-faicon-angle-double-right\"><\/i><\/span>\n\t\t<\/div>\n\t<# } #>\n<\/script>\n\n<div class=\"um um-directory um-4zqII\"\n\t data-hash=\"4zqII\" data-base-post=\"467\"\n\t data-must-search=\"0\" data-searched=\"1\"\n\t data-view_type=\"grid\" data-page=\"1\"\n\t data-sorting=\"user_registered_desc\">\n\t<div class=\"um-members-overlay\"><div class=\"um-ajax-loading\"><\/div><\/div>\n\n\t<div class=\"um-member-directory-header um-form\">\n\n\t\t\n\t\t\t\t\t<div class=\"um-member-directory-header-row\">\n\t\t\t\t<div class=\"um-member-directory-nav-line\">\n\t\t\t\t\t\t\t\t\t\t\t<div class=\"um-member-directory-sorting\">\n\t\t\t\t\t\t\t<span>Sort by:&nbsp;<\/span>\n\t\t\t\t\t\t\t<div class=\"um-member-directory-sorting-a\">\n\t\t\t\t\t\t\t\t<a href=\"javascript:void(0);\" class=\"um-member-directory-sorting-a-text\">New users first<\/a>\n\t\t\t\t\t\t\t\t&nbsp;<i class=\"um-faicon-caret-down\"><\/i><i class=\"um-faicon-caret-up\"><\/i>\n\t\t\t\t\t\t\t<\/div>\n\t\t\t\t\t\t<\/div>\n\n\t\t\t\t\t\t\t\t\t\t\t\t\t\t\t\t\t\t\t\t\t\t\t\t\n\t\t\t<div class=\"um-new-dropdown\" data-element=\".um-member-directory-sorting-a\" data-trigger=\"click\" data-parent=\"\">\n\t\t\t\t<ul>\n\t\t\t\t\t\t\t\t\t\t\t<li><a href=\"javascript:void(0);\" data-directory-hash=\"4zqII\" class=\"um-sortyng-by-first_name\" data-value=\"first_name\" data-selected=\"0\" data-default=\"0\">First name<\/a><\/li>\n\t\t\t\t\t\t\t\t\t\t\t<li><a href=\"javascript:void(0);\" data-directory-hash=\"4zqII\" class=\"um-sortyng-by-last_name\" data-value=\"last_name\" data-selected=\"0\" data-default=\"0\">Last name<\/a><\/li>\n\t\t\t\t\t\t\t\t\t\t\t<li><a href=\"javascript:void(0);\" data-directory-hash=\"4zqII\" class=\"um-sortyng-by-user_registered_desc\" data-value=\"user_registered_desc\" data-selected=\"1\" data-default=\"1\">New users first<\/a><\/li>\n\t\t\t\t\t\t\t\t\t<\/ul>\n\t\t\t<\/div>\n\n\t\t\t\n\t\t\t\t\t\t\t\t\t\t\t<span class=\"um-member-directory-filters\">\n\t\t\t\t\t\t\t<span class=\"um-member-directory-filters-a\">\n\t\t\t\t\t\t\t\t<a href=\"javascript:void(0);\">\n\t\t\t\t\t\t\t\t\tMore filters\t\t\t\t\t\t\t\t<\/a>\n\t\t\t\t\t\t\t\t&nbsp;<i class=\"um-faicon-caret-down\"><\/i><i class=\"um-faicon-caret-up\"><\/i>\n\t\t\t\t\t\t\t<\/span>\n\t\t\t\t\t\t<\/span>\n\t\t\t\t\t\t\t\t\t<\/div>\n\t\t\t<\/div>\n\t\t\n\n\t\t\t\t\t\t<script type=\"text\/template\" id=\"tmpl-um-members-filtered-line\">\n\t\t\t\t\t<# if ( data.filters.length > 0 ) { #>\n\t\t\t\t\t\t<# _.each( data.filters, function( filter, key, list ) { #>\n\t\t\t\t\t\t\t<div class=\"um-members-filter-tag\">\n\t\t\t\t\t\t\t\t<# if ( filter.type == 'slider' ) { #>\n\t\t\t\t\t\t\t\t\t{{filter.value_label}}\n\t\t\t\t\t\t\t\t<# } else { #>\n\t\t\t\t\t\t\t\t\t<strong>{{filter.label}}<\/strong>: {{filter.value_label}}\n\t\t\t\t\t\t\t\t<# } #>\n\t\t\t\t\t\t\t\t<div class=\"um-members-filter-remove um-tip-n\" data-name=\"{{filter.name}}\"\n\t\t\t\t\t\t\t\t\t data-value=\"{{filter.value}}\" data-range=\"{{filter.range}}\"\n\t\t\t\t\t\t\t\t\t data-type=\"{{filter.type}}\" title=\"Remove filter\">&times;<\/div>\n\t\t\t\t\t\t\t<\/div>\n\t\t\t\t\t\t<# }); #>\n\t\t\t\t\t<# } #>\n\t\t\t\t<\/script>\n\n\t\t\t\t<div class=\"um-member-directory-header-row um-member-directory-filters-bar um-header-row-invisible\">\n\t\t\t\t\t<div class=\"um-search um-search-2 um-search-invisible\">\n\t\t\t\t\t\t\n\t\t\t\t\t\t\t<div class=\"um-search-filter um-text-filter-type \">\n\t\t\t\t\t\t\t\t\t\t\t\t\t<input type=\"text\" autocomplete=\"off\" id=\"address\" name=\"address\"\n\t\t\t\t\t\tplaceholder=\"Adres\"\n\t\t\t\t\t\tvalue=\"\" class=\"um-form-field\"\n\t\t\t\t\t\taria-label=\"Adres\" \/>\n\t\t\t\t\t\t\t\t\t\t\t\t<\/div>\n\n\t\t\t\t\t\t\t\n\t\t\t\t\t\t\t<div class=\"um-search-filter um-text-filter-type um-search-filter-2\">\n\t\t\t\t\t\t\t\t\t\t\t\t\t<input type=\"text\" autocomplete=\"off\" id=\"city\" name=\"city\"\n\t\t\t\t\t\tplaceholder=\"City\"\n\t\t\t\t\t\tvalue=\"\" class=\"um-form-field\"\n\t\t\t\t\t\taria-label=\"City\" \/>\n\t\t\t\t\t\t\t\t\t\t\t\t<\/div>\n\n\t\t\t\t\t\t\t\t\t\t\t\t<\/div>\n\t\t\t\t<\/div>\n\t\t\t\t<div class=\"um-member-directory-header-row\">\n\t\t\t\t\t<div class=\"um-filtered-line\">\n\t\t\t\t\t\t<div class=\"um-clear-filters\"><a href=\"javascript:void(0);\" class=\"um-clear-filters-a\" title=\"Remove all filters\">Clear all<\/a><\/div>\n\t\t\t\t\t<\/div>\n\t\t\t\t<\/div>\n\t\t\t\t\t<\/div>\n\n\t<div class=\"um-members-wrapper\"><\/div>\n\n\t<div class=\"um-members-pagination-box\"><\/div>\n\n\t\n<\/div>\n<\/p>\n<\/div><\/div><\/div><\/div><\/div><div class=\"fusion-fullwidth fullwidth-box fusion-builder-row-3 fusion-flex-container has-pattern-background has-mask-background hundred-percent-fullwidth non-hundred-percent-height-scrolling\" style=\"--awb-border-radius-top-left:0px;--awb-border-radius-top-right:0px;--awb-border-radius-bottom-right:0px;--awb-border-radius-bottom-left:0px;--awb-padding-top:0px;--awb-padding-right:0px;--awb-padding-bottom:0px;--awb-padding-left:0px;--awb-background-color:rgba(255,114,114,0);--awb-flex-wrap:wrap;\" id=\"googleMapContainer\" ><div class=\"fusion-builder-row fusion-row fusion-flex-align-items-flex-start fusion-flex-content-wrap\" style=\"width:104% !important;max-width:104% !important;margin-left: calc(-4% \/ 2 );margin-right: calc(-4% \/ 2 );\"><div class=\"fusion-layout-column fusion_builder_column fusion-builder-column-4 fusion_builder_column_1_1 1_1 fusion-flex-column fusion-flex-align-self-stretch\" style=\"--awb-bg-size:cover;--awb-width-large:100%;--awb-flex-grow:1;--awb-margin-top-large:0px;--awb-spacing-right-large:1.92%;--awb-margin-bottom-large:20px;--awb-spacing-left-large:1.92%;--awb-width-medium:100%;--awb-order-medium:0;--awb-spacing-right-medium:1.92%;--awb-spacing-left-medium:1.92%;--awb-width-small:100%;--awb-order-small:0;--awb-spacing-right-small:1.92%;--awb-spacing-left-small:1.92%;\"><div class=\"fusion-column-wrapper fusion-column-has-shadow fusion-flex-justify-content-flex-start fusion-content-layout-column\"><div class=\"fusion-builder-row fusion-builder-row-inner fusion-row fusion-flex-align-items-flex-start fusion-flex-content-wrap\" style=\"width:104% !important;max-width:104% !important;margin-left: calc(-4% \/ 2 );margin-right: calc(-4% \/ 2 );\"><div class=\"fusion-layout-column fusion_builder_column_inner fusion-builder-nested-column-0 fusion_builder_column_inner_1_6 1_6 fusion-flex-column\" style=\"--awb-bg-size:cover;--awb-width-large:16.666666666667%;--awb-margin-top-large:0px;--awb-spacing-right-large:11.52%;--awb-margin-bottom-large:20px;--awb-spacing-left-large:11.52%;--awb-width-medium:100%;--awb-order-medium:0;--awb-spacing-right-medium:1.92%;--awb-spacing-left-medium:1.92%;--awb-width-small:100%;--awb-order-small:0;--awb-spacing-right-small:1.92%;--awb-spacing-left-small:1.92%;\"><div class=\"fusion-column-wrapper fusion-column-has-shadow fusion-flex-justify-content-flex-start fusion-content-layout-column\"><\/div><\/div><div class=\"fusion-layout-column fusion_builder_column_inner fusion-builder-nested-column-1 fusion_builder_column_inner_2_3 2_3 fusion-flex-column\" style=\"--awb-bg-size:cover;--awb-width-large:66.666666666667%;--awb-margin-top-large:0px;--awb-spacing-right-large:2.88%;--awb-margin-bottom-large:20px;--awb-spacing-left-large:2.88%;--awb-width-medium:100%;--awb-order-medium:0;--awb-spacing-right-medium:1.92%;--awb-spacing-left-medium:1.92%;--awb-width-small:100%;--awb-order-small:0;--awb-spacing-right-small:1.92%;--awb-spacing-left-small:1.92%;\"><div class=\"fusion-column-wrapper fusion-column-has-shadow fusion-flex-justify-content-flex-start fusion-content-layout-column\"><div class=\"fusion-title title fusion-title-1 fusion-sep-none fusion-title-text fusion-title-size-two\" style=\"--awb-margin-top:0px;--awb-margin-bottom:0px;\"><h2 class=\"fusion-title-heading title-heading-left fusion-responsive-typography-calculated\" style=\"margin:0;--fontSize:25;--minFontSize:25;line-height:1.2;\">Lokacije svih \u010dlanova<\/h2><\/div><\/div><\/div><div class=\"fusion-layout-column fusion_builder_column_inner fusion-builder-nested-column-2 fusion_builder_column_inner_1_6 1_6 fusion-flex-column\" style=\"--awb-bg-size:cover;--awb-width-large:16.666666666667%;--awb-margin-top-large:0px;--awb-spacing-right-large:11.52%;--awb-margin-bottom-large:20px;--awb-spacing-left-large:11.52%;--awb-width-medium:100%;--awb-order-medium:0;--awb-spacing-right-medium:1.92%;--awb-spacing-left-medium:1.92%;--awb-width-small:100%;--awb-order-small:0;--awb-spacing-right-small:1.92%;--awb-spacing-left-small:1.92%;\"><div class=\"fusion-column-wrapper fusion-column-has-shadow fusion-flex-justify-content-flex-start fusion-content-layout-column\"><\/div><\/div><\/div><div class=\"fusion-builder-row fusion-builder-row-inner fusion-row fusion-flex-align-items-flex-start fusion-flex-content-wrap\" style=\"width:104% !important;max-width:104% !important;margin-left: calc(-4% \/ 2 );margin-right: calc(-4% \/ 2 );\"><div class=\"fusion-layout-column fusion_builder_column_inner fusion-builder-nested-column-3 fusion_builder_column_inner_1_1 1_1 fusion-flex-column\" style=\"--awb-z-index:100;--awb-padding-top:59px;--awb-container-position:absolute;--awb-bg-color:#ffffff;--awb-bg-color-hover:#ffffff;--awb-bg-size:cover;--awb-width-large:100%;--awb-margin-top-large:0px;--awb-spacing-right-large:1.92%;--awb-margin-bottom-large:20px;--awb-spacing-left-large:1.92%;--awb-width-medium:100%;--awb-order-medium:0;--awb-spacing-right-medium:1.92%;--awb-spacing-left-medium:1.92%;--awb-width-small:100%;--awb-order-small:0;--awb-spacing-right-small:1.92%;--awb-spacing-left-small:1.92%;\" id=\"googleMapHideBar\" data-scroll-devices=\"small-visibility,medium-visibility,large-visibility\"><div class=\"fusion-column-wrapper fusion-column-has-shadow fusion-flex-justify-content-flex-start fusion-content-layout-column\"><\/div><\/div><\/div><iframe id=\"membersMapMultiple\" style=\"width: 100%;\" src=\"https:\/\/www.google.com\/maps\/d\/u\/0\/embed?mid=14cHYyL6FxEqKuMcBzEI1xWT6Q5dJDQk&ehbc=2E312F&noprof=1\" width=\"640\" height=\"480\"><\/iframe><\/div><\/div><\/div><\/div><\/p>\n","protected":false},"excerpt":{"rendered":"","protected":false},"author":2,"featured_media":0,"parent":0,"menu_order":0,"comment_status":"closed","ping_status":"closed","template":"100-width.php","meta":{"_acf_changed":false,"footnotes":""},"class_list":["post-467","page","type-page","status-publish","hentry"],"acf":[],"yoast_head":"<!-- This site is optimized with the Yoast SEO plugin v23.5 - https:\/\/yoast.com\/wordpress\/plugins\/seo\/ -->\n<title>\u010clanovi - Turkish-Serbian Business Association<\/title>\n<meta name=\"robots\" content=\"index, follow, max-snippet:-1, max-image-preview:large, max-video-preview:-1\" \/>\n<link rel=\"canonical\" href=\"https:\/\/tsba.org.rs\/sr\/clanovi\/\" \/>\n<meta property=\"og:locale\" content=\"sr_RS\" \/>\n<meta property=\"og:type\" content=\"article\" \/>\n<meta property=\"og:title\" content=\"\u010clanovi - Turkish-Serbian Business Association\" \/>\n<meta property=\"og:url\" content=\"https:\/\/tsba.org.rs\/sr\/clanovi\/\" \/>\n<meta property=\"og:site_name\" content=\"Turkish-Serbian Business Association\" \/>\n<meta property=\"article:modified_time\" content=\"2024-07-17T14:41:08+00:00\" \/>\n<meta name=\"twitter:card\" content=\"summary_large_image\" \/>\n<meta name=\"twitter:site\" content=\"@TSBA_Serbia\" \/>\n<meta name=\"twitter:label1\" content=\"\u041f\u0440\u043e\u0446\u0435\u045a\u0435\u043d\u043e \u0432\u0440\u0435\u043c\u0435 \u0447\u0438\u0442\u0430\u045a\u0430\" \/>\n\t<meta name=\"twitter:data1\" content=\"18 \u043c\u0438\u043d\u0443\u0442\u0430\" \/>\n<script type=\"application\/ld+json\" class=\"yoast-schema-graph\">{\"@context\":\"https:\/\/schema.org\",\"@graph\":[{\"@type\":\"WebPage\",\"@id\":\"https:\/\/tsba.org.rs\/sr\/clanovi\/\",\"url\":\"https:\/\/tsba.org.rs\/sr\/clanovi\/\",\"name\":\"\u010clanovi - Turkish-Serbian Business Association\",\"isPartOf\":{\"@id\":\"https:\/\/tsba.org.rs\/sr\/#website\"},\"datePublished\":\"2020-07-10T17:02:48+00:00\",\"dateModified\":\"2024-07-17T14:41:08+00:00\",\"breadcrumb\":{\"@id\":\"https:\/\/tsba.org.rs\/sr\/clanovi\/#breadcrumb\"},\"inLanguage\":\"sr-RS\",\"potentialAction\":[{\"@type\":\"ReadAction\",\"target\":[\"https:\/\/tsba.org.rs\/sr\/clanovi\/\"]}]},{\"@type\":\"BreadcrumbList\",\"@id\":\"https:\/\/tsba.org.rs\/sr\/clanovi\/#breadcrumb\",\"itemListElement\":[{\"@type\":\"ListItem\",\"position\":1,\"name\":\"Home\",\"item\":\"https:\/\/tsba.org.rs\/sr\/\"},{\"@type\":\"ListItem\",\"position\":2,\"name\":\"\u010clanovi\"}]},{\"@type\":\"WebSite\",\"@id\":\"https:\/\/tsba.org.rs\/sr\/#website\",\"url\":\"https:\/\/tsba.org.rs\/sr\/\",\"name\":\"Turkish-Serbian Business Association\",\"description\":\"\",\"publisher\":{\"@id\":\"https:\/\/tsba.org.rs\/sr\/#organization\"},\"potentialAction\":[{\"@type\":\"SearchAction\",\"target\":{\"@type\":\"EntryPoint\",\"urlTemplate\":\"https:\/\/tsba.org.rs\/sr\/?s={search_term_string}\"},\"query-input\":{\"@type\":\"PropertyValueSpecification\",\"valueRequired\":true,\"valueName\":\"search_term_string\"}}],\"inLanguage\":\"sr-RS\"},{\"@type\":\"Organization\",\"@id\":\"https:\/\/tsba.org.rs\/sr\/#organization\",\"name\":\"Turkish Serbian Business Association\",\"url\":\"https:\/\/tsba.org.rs\/sr\/\",\"logo\":{\"@type\":\"ImageObject\",\"inLanguage\":\"sr-RS\",\"@id\":\"https:\/\/tsba.org.rs\/sr\/#\/schema\/logo\/image\/\",\"url\":\"https:\/\/tsba.org.rs\/wp-content\/uploads\/2020\/06\/logo-250x53-1.png\",\"contentUrl\":\"https:\/\/tsba.org.rs\/wp-content\/uploads\/2020\/06\/logo-250x53-1.png\",\"width\":250,\"height\":53,\"caption\":\"Turkish Serbian Business Association\"},\"image\":{\"@id\":\"https:\/\/tsba.org.rs\/sr\/#\/schema\/logo\/image\/\"},\"sameAs\":[\"https:\/\/x.com\/TSBA_Serbia\",\"https:\/\/www.instagram.com\/tsbaserbia\/\",\"https:\/\/www.linkedin.com\/company\/turkish-serbian-business-association\"]}]}<\/script>\n<!-- \/ Yoast SEO plugin. -->","yoast_head_json":{"title":"\u010clanovi - Turkish-Serbian Business Association","robots":{"index":"index","follow":"follow","max-snippet":"max-snippet:-1","max-image-preview":"max-image-preview:large","max-video-preview":"max-video-preview:-1"},"canonical":"https:\/\/tsba.org.rs\/sr\/clanovi\/","og_locale":"sr_RS","og_type":"article","og_title":"\u010clanovi - Turkish-Serbian Business Association","og_url":"https:\/\/tsba.org.rs\/sr\/clanovi\/","og_site_name":"Turkish-Serbian Business Association","article_modified_time":"2024-07-17T14:41:08+00:00","twitter_card":"summary_large_image","twitter_site":"@TSBA_Serbia","twitter_misc":{"\u041f\u0440\u043e\u0446\u0435\u045a\u0435\u043d\u043e \u0432\u0440\u0435\u043c\u0435 \u0447\u0438\u0442\u0430\u045a\u0430":"18 \u043c\u0438\u043d\u0443\u0442\u0430"},"schema":{"@context":"https:\/\/schema.org","@graph":[{"@type":"WebPage","@id":"https:\/\/tsba.org.rs\/sr\/clanovi\/","url":"https:\/\/tsba.org.rs\/sr\/clanovi\/","name":"\u010clanovi - Turkish-Serbian Business Association","isPartOf":{"@id":"https:\/\/tsba.org.rs\/sr\/#website"},"datePublished":"2020-07-10T17:02:48+00:00","dateModified":"2024-07-17T14:41:08+00:00","breadcrumb":{"@id":"https:\/\/tsba.org.rs\/sr\/clanovi\/#breadcrumb"},"inLanguage":"sr-RS","potentialAction":[{"@type":"ReadAction","target":["https:\/\/tsba.org.rs\/sr\/clanovi\/"]}]},{"@type":"BreadcrumbList","@id":"https:\/\/tsba.org.rs\/sr\/clanovi\/#breadcrumb","itemListElement":[{"@type":"ListItem","position":1,"name":"Home","item":"https:\/\/tsba.org.rs\/sr\/"},{"@type":"ListItem","position":2,"name":"\u010clanovi"}]},{"@type":"WebSite","@id":"https:\/\/tsba.org.rs\/sr\/#website","url":"https:\/\/tsba.org.rs\/sr\/","name":"Turkish-Serbian Business Association","description":"","publisher":{"@id":"https:\/\/tsba.org.rs\/sr\/#organization"},"potentialAction":[{"@type":"SearchAction","target":{"@type":"EntryPoint","urlTemplate":"https:\/\/tsba.org.rs\/sr\/?s={search_term_string}"},"query-input":{"@type":"PropertyValueSpecification","valueRequired":true,"valueName":"search_term_string"}}],"inLanguage":"sr-RS"},{"@type":"Organization","@id":"https:\/\/tsba.org.rs\/sr\/#organization","name":"Turkish Serbian Business Association","url":"https:\/\/tsba.org.rs\/sr\/","logo":{"@type":"ImageObject","inLanguage":"sr-RS","@id":"https:\/\/tsba.org.rs\/sr\/#\/schema\/logo\/image\/","url":"https:\/\/tsba.org.rs\/wp-content\/uploads\/2020\/06\/logo-250x53-1.png","contentUrl":"https:\/\/tsba.org.rs\/wp-content\/uploads\/2020\/06\/logo-250x53-1.png","width":250,"height":53,"caption":"Turkish Serbian Business Association"},"image":{"@id":"https:\/\/tsba.org.rs\/sr\/#\/schema\/logo\/image\/"},"sameAs":["https:\/\/x.com\/TSBA_Serbia","https:\/\/www.instagram.com\/tsbaserbia\/","https:\/\/www.linkedin.com\/company\/turkish-serbian-business-association"]}]}},"_links":{"self":[{"href":"https:\/\/tsba.org.rs\/sr\/wp-json\/wp\/v2\/pages\/467","targetHints":{"allow":["GET"]}}],"collection":[{"href":"https:\/\/tsba.org.rs\/sr\/wp-json\/wp\/v2\/pages"}],"about":[{"href":"https:\/\/tsba.org.rs\/sr\/wp-json\/wp\/v2\/types\/page"}],"author":[{"embeddable":true,"href":"https:\/\/tsba.org.rs\/sr\/wp-json\/wp\/v2\/users\/2"}],"replies":[{"embeddable":true,"href":"https:\/\/tsba.org.rs\/sr\/wp-json\/wp\/v2\/comments?post=467"}],"version-history":[{"count":15,"href":"https:\/\/tsba.org.rs\/sr\/wp-json\/wp\/v2\/pages\/467\/revisions"}],"predecessor-version":[{"id":3289,"href":"https:\/\/tsba.org.rs\/sr\/wp-json\/wp\/v2\/pages\/467\/revisions\/3289"}],"wp:attachment":[{"href":"https:\/\/tsba.org.rs\/sr\/wp-json\/wp\/v2\/media?parent=467"}],"curies":[{"name":"wp","href":"https:\/\/api.w.org\/{rel}","templated":true}]}}