{"id":504,"date":"2020-07-10T18:00:37","date_gmt":"2020-07-10T18:00:37","guid":{"rendered":"http:\/\/tsba.org.rs\/turkish-serbian-business-association\/?page_id=504"},"modified":"2020-08-28T18:17:08","modified_gmt":"2020-08-28T18:17:08","slug":"hakkimizda","status":"publish","type":"page","link":"https:\/\/tsba.org.rs\/tr\/hakkimizda\/","title":{"rendered":"Hakkimizda"},"content":{"rendered":"<div class=\"fusion-fullwidth fullwidth-box fusion-builder-row-1 nonhundred-percent-fullwidth non-hundred-percent-height-scrolling\" style=\"--awb-border-radius-top-left:0px;--awb-border-radius-top-right:0px;--awb-border-radius-bottom-right:0px;--awb-border-radius-bottom-left:0px;--awb-flex-wrap:wrap;\" ><div class=\"fusion-builder-row fusion-row\"><div class=\"fusion-layout-column fusion_builder_column fusion-builder-column-0 fusion_builder_column_1_6 1_6 fusion-one-sixth fusion-column-first\" style=\"--awb-bg-size:cover;width:16.666666666667%;width:calc(16.666666666667% - ( ( 4% + 4% ) * 0.16666666666667 ) );margin-right: 4%;\"><div class=\"fusion-column-wrapper fusion-column-has-shadow fusion-flex-column-wrapper-legacy\"><div class=\"fusion-clearfix\"><\/div><\/div><\/div><div class=\"fusion-layout-column fusion_builder_column fusion-builder-column-1 fusion_builder_column_2_3 2_3 fusion-two-third\" style=\"--awb-bg-size:cover;width:66.666666666667%;width:calc(66.666666666667% - ( ( 4% + 4% ) * 0.66666666666667 ) );margin-right: 4%;\"><div class=\"fusion-column-wrapper fusion-column-has-shadow fusion-flex-column-wrapper-legacy\"><div class=\"fusion-text fusion-text-1\"><p>T\u00fcrk \u2013 S\u0131rp Ekonomi Derne\u011fi, S\u0131rbistan&#8217;daki T\u00fcrk ve S\u0131rp i\u015finsanlar\u0131na hizmet vermek \u00fczere 2016 y\u0131l\u0131nda Belgrad&#8217;da kurulmu\u015ftur. Derne\u011fimizin faaliyetleri ile T\u00fcrk ve S\u0131rp firmalar\u0131 aras\u0131ndaki i\u015fbirli\u011fi geli\u015ftirilmekte, ayr\u0131ca yat\u0131r\u0131mc\u0131lara karar alma s\u00fcrecinde yard\u0131mc\u0131 olunarak iki \u00fclke aras\u0131ndaki ekonomik ili\u015fkilere olumlu katk\u0131 sa\u011flanmaktad\u0131r.<\/p>\n<p>T\u00fcrkiye&#8217;den S\u0131rbistan&#8217;a yat\u0131r\u0131mlarda 2015 y\u0131l\u0131ndan bu yana art\u0131\u015f kaydedilmektedir. T\u00fcrk firmalar\u0131 bug\u00fcne kadar S\u0131rbistan&#8217;da altyap\u0131, \u00fcstyap\u0131, in\u015faat, tekstil, konaklama, perakendecilik gibi pek \u00e7ok konuda faaliyet g\u00f6stermektedir. S\u0131rbistan&#8217;da yakla\u015f\u0131k 10.000 ki\u015fiye istihdam sa\u011flayan T\u00fcrk \u015firketlerinin say\u0131s\u0131 2015 y\u0131l\u0131nda 130 civar\u0131nda iken 2020 y\u0131l\u0131nda 800\u2019\u00fc, toplam yat\u0131r\u0131m da 2018 y\u0131l\u0131 itibar\u0131yla Bir Milyar \u20ac\u2019yu a\u015fm\u0131\u015ft\u0131r.<\/p>\n<p>Misyonumuz, iki \u00fclke aras\u0131ndaki ekonomik ili\u015fkileri geli\u015ftirmek, S\u0131rp ve T\u00fcrk \u015firketleri aras\u0131ndaki i\u015fbirli\u011fine destek olmakt\u0131r.<\/p>\n<\/div><div class=\"fusion-clearfix\"><\/div><\/div><\/div><div class=\"fusion-layout-column fusion_builder_column fusion-builder-column-2 fusion_builder_column_1_6 1_6 fusion-one-sixth fusion-column-last\" style=\"--awb-bg-size:cover;width:16.666666666667%;width:calc(16.666666666667% - ( ( 4% + 4% ) * 0.16666666666667 ) );\"><div class=\"fusion-column-wrapper fusion-column-has-shadow fusion-flex-column-wrapper-legacy\"><div class=\"fusion-clearfix\"><\/div><\/div><\/div><\/div><\/div>\n","protected":false},"excerpt":{"rendered":"","protected":false},"author":2,"featured_media":0,"parent":0,"menu_order":0,"comment_status":"closed","ping_status":"closed","template":"100-width.php","meta":{"_acf_changed":false,"footnotes":""},"class_list":["post-504","page","type-page","status-publish","hentry"],"acf":[],"yoast_head":"<!-- This site is optimized with the Yoast SEO plugin v23.5 - https:\/\/yoast.com\/wordpress\/plugins\/seo\/ -->\n<title>Hakkimizda - Turkish-Serbian Business Association<\/title>\n<meta name=\"robots\" content=\"index, follow, max-snippet:-1, max-image-preview:large, max-video-preview:-1\" \/>\n<link rel=\"canonical\" href=\"https:\/\/tsba.org.rs\/tr\/hakkimizda\/\" \/>\n<meta property=\"og:locale\" content=\"tr_TR\" \/>\n<meta property=\"og:type\" content=\"article\" \/>\n<meta property=\"og:title\" content=\"Hakkimizda - Turkish-Serbian Business Association\" \/>\n<meta property=\"og:url\" content=\"https:\/\/tsba.org.rs\/tr\/hakkimizda\/\" \/>\n<meta property=\"og:site_name\" content=\"Turkish-Serbian Business Association\" \/>\n<meta property=\"article:modified_time\" content=\"2020-08-28T18:17:08+00:00\" \/>\n<meta name=\"twitter:card\" content=\"summary_large_image\" \/>\n<meta name=\"twitter:site\" content=\"@TSBA_Serbia\" \/>\n<meta name=\"twitter:label1\" content=\"Tahmini okuma s\u00fcresi\" \/>\n\t<meta name=\"twitter:data1\" content=\"5 dakika\" \/>\n<script type=\"application\/ld+json\" class=\"yoast-schema-graph\">{\"@context\":\"https:\/\/schema.org\",\"@graph\":[{\"@type\":\"WebPage\",\"@id\":\"https:\/\/tsba.org.rs\/tr\/hakkimizda\/\",\"url\":\"https:\/\/tsba.org.rs\/tr\/hakkimizda\/\",\"name\":\"Hakkimizda - Turkish-Serbian Business Association\",\"isPartOf\":{\"@id\":\"https:\/\/tsba.org.rs\/tr\/#website\"},\"datePublished\":\"2020-07-10T18:00:37+00:00\",\"dateModified\":\"2020-08-28T18:17:08+00:00\",\"breadcrumb\":{\"@id\":\"https:\/\/tsba.org.rs\/tr\/hakkimizda\/#breadcrumb\"},\"inLanguage\":\"tr\",\"potentialAction\":[{\"@type\":\"ReadAction\",\"target\":[\"https:\/\/tsba.org.rs\/tr\/hakkimizda\/\"]}]},{\"@type\":\"BreadcrumbList\",\"@id\":\"https:\/\/tsba.org.rs\/tr\/hakkimizda\/#breadcrumb\",\"itemListElement\":[{\"@type\":\"ListItem\",\"position\":1,\"name\":\"Home\",\"item\":\"https:\/\/tsba.org.rs\/tr\/\"},{\"@type\":\"ListItem\",\"position\":2,\"name\":\"Hakkimizda\"}]},{\"@type\":\"WebSite\",\"@id\":\"https:\/\/tsba.org.rs\/tr\/#website\",\"url\":\"https:\/\/tsba.org.rs\/tr\/\",\"name\":\"Turkish-Serbian Business Association\",\"description\":\"\",\"publisher\":{\"@id\":\"https:\/\/tsba.org.rs\/tr\/#organization\"},\"potentialAction\":[{\"@type\":\"SearchAction\",\"target\":{\"@type\":\"EntryPoint\",\"urlTemplate\":\"https:\/\/tsba.org.rs\/tr\/?s={search_term_string}\"},\"query-input\":{\"@type\":\"PropertyValueSpecification\",\"valueRequired\":true,\"valueName\":\"search_term_string\"}}],\"inLanguage\":\"tr\"},{\"@type\":\"Organization\",\"@id\":\"https:\/\/tsba.org.rs\/tr\/#organization\",\"name\":\"Turkish Serbian Business Association\",\"url\":\"https:\/\/tsba.org.rs\/tr\/\",\"logo\":{\"@type\":\"ImageObject\",\"inLanguage\":\"tr\",\"@id\":\"https:\/\/tsba.org.rs\/tr\/#\/schema\/logo\/image\/\",\"url\":\"https:\/\/tsba.org.rs\/wp-content\/uploads\/2020\/06\/logo-250x53-1.png\",\"contentUrl\":\"https:\/\/tsba.org.rs\/wp-content\/uploads\/2020\/06\/logo-250x53-1.png\",\"width\":250,\"height\":53,\"caption\":\"Turkish Serbian Business Association\"},\"image\":{\"@id\":\"https:\/\/tsba.org.rs\/tr\/#\/schema\/logo\/image\/\"},\"sameAs\":[\"https:\/\/x.com\/TSBA_Serbia\",\"https:\/\/www.instagram.com\/tsbaserbia\/\",\"https:\/\/www.linkedin.com\/company\/turkish-serbian-business-association\"]}]}<\/script>\n<!-- \/ Yoast SEO plugin. -->","yoast_head_json":{"title":"Hakkimizda - Turkish-Serbian Business Association","robots":{"index":"index","follow":"follow","max-snippet":"max-snippet:-1","max-image-preview":"max-image-preview:large","max-video-preview":"max-video-preview:-1"},"canonical":"https:\/\/tsba.org.rs\/tr\/hakkimizda\/","og_locale":"tr_TR","og_type":"article","og_title":"Hakkimizda - Turkish-Serbian Business Association","og_url":"https:\/\/tsba.org.rs\/tr\/hakkimizda\/","og_site_name":"Turkish-Serbian Business Association","article_modified_time":"2020-08-28T18:17:08+00:00","twitter_card":"summary_large_image","twitter_site":"@TSBA_Serbia","twitter_misc":{"Tahmini okuma s\u00fcresi":"5 dakika"},"schema":{"@context":"https:\/\/schema.org","@graph":[{"@type":"WebPage","@id":"https:\/\/tsba.org.rs\/tr\/hakkimizda\/","url":"https:\/\/tsba.org.rs\/tr\/hakkimizda\/","name":"Hakkimizda - Turkish-Serbian Business Association","isPartOf":{"@id":"https:\/\/tsba.org.rs\/tr\/#website"},"datePublished":"2020-07-10T18:00:37+00:00","dateModified":"2020-08-28T18:17:08+00:00","breadcrumb":{"@id":"https:\/\/tsba.org.rs\/tr\/hakkimizda\/#breadcrumb"},"inLanguage":"tr","potentialAction":[{"@type":"ReadAction","target":["https:\/\/tsba.org.rs\/tr\/hakkimizda\/"]}]},{"@type":"BreadcrumbList","@id":"https:\/\/tsba.org.rs\/tr\/hakkimizda\/#breadcrumb","itemListElement":[{"@type":"ListItem","position":1,"name":"Home","item":"https:\/\/tsba.org.rs\/tr\/"},{"@type":"ListItem","position":2,"name":"Hakkimizda"}]},{"@type":"WebSite","@id":"https:\/\/tsba.org.rs\/tr\/#website","url":"https:\/\/tsba.org.rs\/tr\/","name":"Turkish-Serbian Business Association","description":"","publisher":{"@id":"https:\/\/tsba.org.rs\/tr\/#organization"},"potentialAction":[{"@type":"SearchAction","target":{"@type":"EntryPoint","urlTemplate":"https:\/\/tsba.org.rs\/tr\/?s={search_term_string}"},"query-input":{"@type":"PropertyValueSpecification","valueRequired":true,"valueName":"search_term_string"}}],"inLanguage":"tr"},{"@type":"Organization","@id":"https:\/\/tsba.org.rs\/tr\/#organization","name":"Turkish Serbian Business Association","url":"https:\/\/tsba.org.rs\/tr\/","logo":{"@type":"ImageObject","inLanguage":"tr","@id":"https:\/\/tsba.org.rs\/tr\/#\/schema\/logo\/image\/","url":"https:\/\/tsba.org.rs\/wp-content\/uploads\/2020\/06\/logo-250x53-1.png","contentUrl":"https:\/\/tsba.org.rs\/wp-content\/uploads\/2020\/06\/logo-250x53-1.png","width":250,"height":53,"caption":"Turkish Serbian Business Association"},"image":{"@id":"https:\/\/tsba.org.rs\/tr\/#\/schema\/logo\/image\/"},"sameAs":["https:\/\/x.com\/TSBA_Serbia","https:\/\/www.instagram.com\/tsbaserbia\/","https:\/\/www.linkedin.com\/company\/turkish-serbian-business-association"]}]}},"_links":{"self":[{"href":"https:\/\/tsba.org.rs\/tr\/wp-json\/wp\/v2\/pages\/504","targetHints":{"allow":["GET"]}}],"collection":[{"href":"https:\/\/tsba.org.rs\/tr\/wp-json\/wp\/v2\/pages"}],"about":[{"href":"https:\/\/tsba.org.rs\/tr\/wp-json\/wp\/v2\/types\/page"}],"author":[{"embeddable":true,"href":"https:\/\/tsba.org.rs\/tr\/wp-json\/wp\/v2\/users\/2"}],"replies":[{"embeddable":true,"href":"https:\/\/tsba.org.rs\/tr\/wp-json\/wp\/v2\/comments?post=504"}],"version-history":[{"count":0,"href":"https:\/\/tsba.org.rs\/tr\/wp-json\/wp\/v2\/pages\/504\/revisions"}],"wp:attachment":[{"href":"https:\/\/tsba.org.rs\/tr\/wp-json\/wp\/v2\/media?parent=504"}],"curies":[{"name":"wp","href":"https:\/\/api.w.org\/{rel}","templated":true}]}}