{"id":512,"date":"2020-07-10T18:03:39","date_gmt":"2020-07-10T18:03:39","guid":{"rendered":"http:\/\/tsba.org.rs\/turkish-serbian-business-association\/?page_id=512"},"modified":"2020-09-01T15:47:00","modified_gmt":"2020-09-01T15:47:00","slug":"sirbistan","status":"publish","type":"page","link":"https:\/\/tsba.org.rs\/tr\/sirbistan\/","title":{"rendered":"S\u0131rbistan"},"content":{"rendered":"<p><div class=\"fusion-fullwidth fullwidth-box fusion-builder-row-1 nonhundred-percent-fullwidth non-hundred-percent-height-scrolling\" style=\"--awb-border-radius-top-left:0px;--awb-border-radius-top-right:0px;--awb-border-radius-bottom-right:0px;--awb-border-radius-bottom-left:0px;--awb-flex-wrap:wrap;\" ><div class=\"fusion-builder-row fusion-row\"><div class=\"fusion-layout-column fusion_builder_column fusion-builder-column-0 fusion_builder_column_1_6 1_6 fusion-one-sixth fusion-column-first\" style=\"--awb-bg-size:cover;width:16.666666666667%;width:calc(16.666666666667% - ( ( 4% + 4% ) * 0.16666666666667 ) );margin-right: 4%;\"><div class=\"fusion-column-wrapper fusion-column-has-shadow fusion-flex-column-wrapper-legacy\"><div class=\"fusion-clearfix\"><\/div><\/div><\/div><div class=\"fusion-layout-column fusion_builder_column fusion-builder-column-1 fusion_builder_column_2_3 2_3 fusion-two-third\" style=\"--awb-bg-size:cover;width:66.666666666667%;width:calc(66.666666666667% - ( ( 4% + 4% ) * 0.66666666666667 ) );margin-right: 4%;\"><div class=\"fusion-column-wrapper fusion-column-has-shadow fusion-flex-column-wrapper-legacy\"><div class=\"fusion-title title fusion-title-1 fusion-sep-none fusion-title-text fusion-title-size-three\"><h3 class=\"fusion-title-heading title-heading-left fusion-responsive-typography-calculated\" style=\"margin:0;--fontSize:32;line-height:1.3;\">TEMEL B\u0130LG\u0130LER<\/h3><\/div><div class=\"fusion-sep-clear\"><\/div><div class=\"fusion-separator fusion-full-width-sep\" style=\"margin-left: auto;margin-right: auto;margin-top:10px;margin-bottom:10px;width:100%;\"><div class=\"fusion-separator-border sep-single sep-solid\" style=\"--awb-height:20px;--awb-amount:20px;border-color:#e2e2e2;border-top-width:1px;\"><\/div><\/div><div class=\"fusion-sep-clear\"><\/div><div class=\"fusion-title title fusion-title-2 fusion-sep-none fusion-title-text fusion-title-size-four\"><h4 class=\"fusion-title-heading title-heading-left fusion-responsive-typography-calculated\" style=\"margin:0;--fontSize:22;--minFontSize:22;line-height:1.36;\">Resmi isim:<\/h4><\/div><div class=\"fusion-text fusion-text-1\"><p>S\u0131rbistan Cumhuriyeti<\/p>\n<\/div><div class=\"fusion-sep-clear\"><\/div><div class=\"fusion-separator fusion-full-width-sep\" style=\"margin-left: auto;margin-right: auto;margin-top:10px;margin-bottom:10px;width:100%;\"><div class=\"fusion-separator-border sep-single sep-solid\" style=\"--awb-height:20px;--awb-amount:20px;border-color:#e2e2e2;border-top-width:1px;\"><\/div><\/div><div class=\"fusion-sep-clear\"><\/div><div class=\"fusion-title title fusion-title-3 fusion-sep-none fusion-title-text fusion-title-size-four\"><h4 class=\"fusion-title-heading title-heading-left fusion-responsive-typography-calculated\" style=\"margin:0;--fontSize:22;--minFontSize:22;line-height:1.36;\">Ba\u015fkent:<\/h4><\/div><div class=\"fusion-text fusion-text-2\"><p>Belgrad (1,7 milyon)<\/p>\n<\/div><div class=\"fusion-sep-clear\"><\/div><div class=\"fusion-separator fusion-full-width-sep\" style=\"margin-left: auto;margin-right: auto;margin-top:10px;margin-bottom:10px;width:100%;\"><div class=\"fusion-separator-border sep-single sep-solid\" style=\"--awb-height:20px;--awb-amount:20px;border-color:#e2e2e2;border-top-width:1px;\"><\/div><\/div><div class=\"fusion-sep-clear\"><\/div><div class=\"fusion-title title fusion-title-4 fusion-sep-none fusion-title-text fusion-title-size-four\"><h4 class=\"fusion-title-heading title-heading-left fusion-responsive-typography-calculated\" style=\"margin:0;--fontSize:22;--minFontSize:22;line-height:1.36;\">Co\u011frafi konum:<\/h4><\/div><div class=\"fusion-text fusion-text-3\"><p>G\u00fcneydo\u011fu Avrupa, Balkan yar\u0131madas\u0131n\u0131n merkezi<\/p>\n<\/div><div class=\"fusion-sep-clear\"><\/div><div class=\"fusion-separator fusion-full-width-sep\" style=\"margin-left: auto;margin-right: auto;margin-top:10px;margin-bottom:10px;width:100%;\"><div class=\"fusion-separator-border sep-single sep-solid\" style=\"--awb-height:20px;--awb-amount:20px;border-color:#e2e2e2;border-top-width:1px;\"><\/div><\/div><div class=\"fusion-sep-clear\"><\/div><div class=\"fusion-title title fusion-title-5 fusion-sep-none fusion-title-text fusion-title-size-four\"><h4 class=\"fusion-title-heading title-heading-left fusion-responsive-typography-calculated\" style=\"margin:0;--fontSize:22;--minFontSize:22;line-height:1.36;\">Y\u00fcz\u00f6l\u00e7\u00fcm\u00fc:<\/h4><\/div><div class=\"fusion-text fusion-text-4\"><p>77.589 km\u00b2<\/p>\n<\/div><div class=\"fusion-sep-clear\"><\/div><div class=\"fusion-separator fusion-full-width-sep\" style=\"margin-left: auto;margin-right: auto;margin-top:10px;margin-bottom:10px;width:100%;\"><div class=\"fusion-separator-border sep-single sep-solid\" style=\"--awb-height:20px;--awb-amount:20px;border-color:#e2e2e2;border-top-width:1px;\"><\/div><\/div><div class=\"fusion-sep-clear\"><\/div><div class=\"fusion-title title fusion-title-6 fusion-sep-none fusion-title-text fusion-title-size-four\"><h4 class=\"fusion-title-heading title-heading-left fusion-responsive-typography-calculated\" style=\"margin:0;--fontSize:22;--minFontSize:22;line-height:1.36;\">N\u00fcfus:<\/h4><\/div><div class=\"fusion-text fusion-text-5\"><p>6 945 235<\/p>\n<\/div><div class=\"fusion-sep-clear\"><\/div><div class=\"fusion-separator fusion-full-width-sep\" style=\"margin-left: auto;margin-right: auto;margin-top:10px;margin-bottom:10px;width:100%;\"><div class=\"fusion-separator-border sep-single sep-solid\" style=\"--awb-height:20px;--awb-amount:20px;border-color:#e2e2e2;border-top-width:1px;\"><\/div><\/div><div class=\"fusion-sep-clear\"><\/div><div class=\"fusion-title title fusion-title-7 fusion-sep-none fusion-title-text fusion-title-size-four\"><h4 class=\"fusion-title-heading title-heading-left fusion-responsive-typography-calculated\" style=\"margin:0;--fontSize:22;--minFontSize:22;line-height:1.36;\">Resmi dil:<\/h4><\/div><div class=\"fusion-text fusion-text-6\"><p>S\u0131rp\u00e7a<\/p>\n<\/div><div class=\"fusion-sep-clear\"><\/div><div class=\"fusion-separator fusion-full-width-sep\" style=\"margin-left: auto;margin-right: auto;margin-top:10px;margin-bottom:10px;width:100%;\"><div class=\"fusion-separator-border sep-single sep-solid\" style=\"--awb-height:20px;--awb-amount:20px;border-color:#e2e2e2;border-top-width:1px;\"><\/div><\/div><div class=\"fusion-sep-clear\"><\/div><div class=\"fusion-title title fusion-title-8 fusion-sep-none fusion-title-text fusion-title-size-four\"><h4 class=\"fusion-title-heading title-heading-left fusion-responsive-typography-calculated\" style=\"margin:0;--fontSize:22;--minFontSize:22;line-height:1.36;\">Para birimi:<\/h4><\/div><div class=\"fusion-text fusion-text-7\"><p>S\u0131rbistan Dinar\u0131 (RSD)<br \/>\n1 EUR = 117,6 RSD (A\u011fustos 2020)<\/p>\n<\/div><div class=\"fusion-sep-clear\"><\/div><div class=\"fusion-separator fusion-full-width-sep\" style=\"margin-left: auto;margin-right: auto;margin-top:10px;margin-bottom:10px;width:100%;\"><div class=\"fusion-separator-border sep-single sep-solid\" style=\"--awb-height:20px;--awb-amount:20px;border-color:#e2e2e2;border-top-width:1px;\"><\/div><\/div><div class=\"fusion-sep-clear\"><\/div><div class=\"fusion-title title fusion-title-9 fusion-sep-none fusion-title-text fusion-title-size-four\"><h4 class=\"fusion-title-heading title-heading-left fusion-responsive-typography-calculated\" style=\"margin:0;--fontSize:22;--minFontSize:22;line-height:1.36;\">Ana End\u00fcstriler:<\/h4><\/div><div class=\"fusion-text fusion-text-8\"><p>Otomotiv ve Oto Yan Sanayii, Tar\u0131m, Madencilik, Mobilya, Tekstil, Savunma Sanayii<\/p>\n<\/div><div class=\"fusion-sep-clear\"><\/div><div class=\"fusion-separator fusion-full-width-sep\" style=\"margin-left: auto;margin-right: auto;margin-top:10px;margin-bottom:10px;width:100%;\"><div class=\"fusion-separator-border sep-single sep-solid\" style=\"--awb-height:20px;--awb-amount:20px;border-color:#e2e2e2;border-top-width:1px;\"><\/div><\/div><div class=\"fusion-sep-clear\"><\/div><div class=\"fusion-title title fusion-title-10 fusion-sep-none fusion-title-text fusion-title-size-four\"><h4 class=\"fusion-title-heading title-heading-left fusion-responsive-typography-calculated\" style=\"margin:0;--fontSize:22;--minFontSize:22;line-height:1.36;\">GSY\u0130H (2019)<\/h4><\/div><div class=\"fusion-text fusion-text-9\"><p>45,9 milyar EUR (51,3 milyar USD)<\/p>\n<\/div><div class=\"fusion-sep-clear\"><\/div><div class=\"fusion-separator fusion-full-width-sep\" style=\"margin-left: auto;margin-right: auto;margin-top:10px;margin-bottom:10px;width:100%;\"><div class=\"fusion-separator-border sep-single sep-solid\" style=\"--awb-height:20px;--awb-amount:20px;border-color:#e2e2e2;border-top-width:1px;\"><\/div><\/div><div class=\"fusion-sep-clear\"><\/div><div class=\"fusion-title title fusion-title-11 fusion-sep-none fusion-title-text fusion-title-size-four\"><h4 class=\"fusion-title-heading title-heading-left fusion-responsive-typography-calculated\" style=\"margin:0;--fontSize:22;--minFontSize:22;line-height:1.36;\">Ki\u015fi Ba\u015f\u0131na GSY\u0130H (2019)<\/h4><\/div><div class=\"fusion-text fusion-text-10\"><p>6.593 EUR (7381 USD)<\/p>\n<\/div><div class=\"fusion-sep-clear\"><\/div><div class=\"fusion-separator fusion-full-width-sep\" style=\"margin-left: auto;margin-right: auto;margin-top:10px;margin-bottom:10px;width:100%;\"><div class=\"fusion-separator-border sep-single sep-solid\" style=\"--awb-height:20px;--awb-amount:20px;border-color:#e2e2e2;border-top-width:1px;\"><\/div><\/div><div class=\"fusion-sep-clear\"><\/div><div class=\"fusion-title title fusion-title-12 fusion-sep-none fusion-title-text fusion-title-size-four\"><h4 class=\"fusion-title-heading title-heading-left fusion-responsive-typography-calculated\" style=\"margin:0;--fontSize:22;--minFontSize:22;line-height:1.36;\">\u0130\u015fsizlik (Aral\u0131k 2019)<\/h4><\/div><div class=\"fusion-text fusion-text-11\"><p>9,7%<\/p>\n<\/div><div class=\"fusion-sep-clear\"><\/div><div class=\"fusion-separator fusion-full-width-sep\" style=\"margin-left: auto;margin-right: auto;margin-top:10px;margin-bottom:10px;width:100%;\"><div class=\"fusion-separator-border sep-single sep-solid\" style=\"--awb-height:20px;--awb-amount:20px;border-color:#e2e2e2;border-top-width:1px;\"><\/div><\/div><div class=\"fusion-sep-clear\"><\/div><div class=\"fusion-text fusion-text-12\" style=\"--awb-font-size:15px;\"><ol>\n<li><em>Kosova hari\u00e7<\/em><\/li>\n<li><em>S\u0131rbistan \u0130statistik Enstit\u00fcs\u00fc &#8211; (<a href=\"http:\/\/www.stat.gov.rs\" target=\"_blank\" rel=\"noopener noreferrer\"><u>www.stat.gov.rs<\/u><\/a>)<\/em><\/li>\n<li><em>S\u0131rbistan Merkez Bankas\u0131 &#8211; (<a href=\"http:\/\/www.nbs.rs\" target=\"_blank\" rel=\"noopener noreferrer\"><u>www.nbs.rs<\/u><\/a>)<\/em><\/li>\n<\/ol>\n<\/div><div class=\"fusion-clearfix\"><\/div><\/div><\/div><div class=\"fusion-layout-column fusion_builder_column fusion-builder-column-2 fusion_builder_column_1_6 1_6 fusion-one-sixth fusion-column-last\" style=\"--awb-bg-size:cover;width:16.666666666667%;width:calc(16.666666666667% - ( ( 4% + 4% ) * 0.16666666666667 ) );\"><div class=\"fusion-column-wrapper fusion-column-has-shadow fusion-flex-column-wrapper-legacy\"><div class=\"fusion-clearfix\"><\/div><\/div><\/div><\/div><\/div><div class=\"fusion-fullwidth fullwidth-box fusion-builder-row-2 fusion-flex-container nonhundred-percent-fullwidth non-hundred-percent-height-scrolling\" style=\"--awb-border-radius-top-left:0px;--awb-border-radius-top-right:0px;--awb-border-radius-bottom-right:0px;--awb-border-radius-bottom-left:0px;--awb-padding-top:50px;--awb-flex-wrap:wrap;\" ><div class=\"fusion-builder-row fusion-row fusion-flex-align-items-flex-start fusion-flex-content-wrap\" style=\"max-width:1248px;margin-left: calc(-4% \/ 2 );margin-right: calc(-4% \/ 2 );\"><div class=\"fusion-layout-column fusion_builder_column fusion-builder-column-3 fusion_builder_column_1_6 1_6 fusion-flex-column\" style=\"--awb-bg-size:cover;--awb-width-large:16.666666666667%;--awb-margin-top-large:0px;--awb-spacing-right-large:11.52%;--awb-margin-bottom-large:20px;--awb-spacing-left-large:11.52%;--awb-width-medium:100%;--awb-order-medium:0;--awb-spacing-right-medium:1.92%;--awb-spacing-left-medium:1.92%;--awb-width-small:100%;--awb-order-small:0;--awb-spacing-right-small:1.92%;--awb-spacing-left-small:1.92%;\"><div class=\"fusion-column-wrapper fusion-column-has-shadow fusion-flex-justify-content-flex-start fusion-content-layout-column\"><\/div><\/div><div class=\"fusion-layout-column fusion_builder_column fusion-builder-column-4 fusion_builder_column_2_3 2_3 fusion-flex-column\" style=\"--awb-bg-size:cover;--awb-width-large:66.666666666667%;--awb-margin-top-large:0px;--awb-spacing-right-large:2.88%;--awb-margin-bottom-large:20px;--awb-spacing-left-large:2.88%;--awb-width-medium:100%;--awb-order-medium:0;--awb-spacing-right-medium:1.92%;--awb-spacing-left-medium:1.92%;--awb-width-small:100%;--awb-order-small:0;--awb-spacing-right-small:1.92%;--awb-spacing-left-small:1.92%;\"><div class=\"fusion-column-wrapper fusion-column-has-shadow fusion-flex-justify-content-flex-start fusion-content-layout-column\"><div class=\"fusion-title title fusion-title-13 fusion-sep-none fusion-title-text fusion-title-size-three\"><h3 class=\"fusion-title-heading title-heading-left fusion-responsive-typography-calculated\" style=\"margin:0;--fontSize:32;line-height:1.3;\">\u00d6nemli linkler<\/h3><\/div><div class=\"fusion-text fusion-text-13\"><p><strong>DEVLET KURUMLARI<\/strong><\/p>\n<ul>\n<li>S\u0131rbistan Cumhuriyeti Cumhurba\u015fkanl\u0131\u011f\u0131 &#8211; <a href=\"http:\/\/www.predsednik.rs\" target=\"_blank\" rel=\"noopener noreferrer\"><u>www.predsednik.rs<\/u><\/a><\/li>\n<li>S\u0131rbistan Cumhuriyeti Meclisi &#8211; <a href=\"http:\/\/www.parlament.gov.rs\" target=\"_blank\" rel=\"noopener noreferrer\"><u>www.parlament.gov.rs<\/u><\/a><\/li>\n<li>S\u0131rbistan Cumhuriyeti D\u0131\u015fi\u015fleri Bakanl\u0131\u011f\u0131 &#8211; <a href=\"http:\/\/www.mfa.gov.rs\" target=\"_blank\" rel=\"noopener noreferrer\"><u>www.mfa.gov.rs<\/u><\/a><\/li>\n<li>S\u0131rbistan Cumhuriyeti Ekonomi Bakanl\u0131\u011f\u0131 &#8211; <a href=\"http:\/\/www.privreda.gov.rs\" target=\"_blank\" rel=\"noopener noreferrer\"><u>www.privreda.gov.rs<\/u><\/a><\/li>\n<li>Ticaret, Turizm ve Telekom\u00fcnikasyon Bakanl\u0131\u011f\u0131 &#8211; <a href=\"http:\/\/mtt.gov.rs\" target=\"_blank\" rel=\"noopener noreferrer\"><u>mtt.gov.rs<\/u><\/a><\/li>\n<li>S\u0131rbistan Cumhuriyeti K\u00fclt\u00fcr ve Enformasyon Bakanl\u0131\u011f\u0131 &#8211; <a href=\"http:\/\/www.kultura.gov.rs\" target=\"_blank\" rel=\"noopener noreferrer\"><u>www.kultura.gov.rs<\/u><\/a><\/li>\n<li>S\u0131rbistan Cumhuriyeti H\u00fck\u00fcmeti &#8211; <a href=\"http:\/\/www.srbija.gov.rs\" target=\"_blank\" rel=\"noopener noreferrer\"><u>www.srbija.gov.rs<\/u><\/a><\/li>\n<li>S\u0131rbistan Merkez Bankas\u0131 &#8211; <a href=\"http:\/\/www.nbs.rs\" target=\"_blank\" rel=\"noopener noreferrer\"><u>www.nbs.rs<\/u><\/a><\/li>\n<li>S\u0131rbistan Cumhuriyeti \u0130statistik Ofisi &#8211; <a href=\"http:\/\/www.stat.gov.rs\" target=\"_blank\" rel=\"noopener noreferrer\"><u>www.stat.gov.rs<\/u><\/a><\/li>\n<li>Ticaret Sicil Dairesi &#8211; <a href=\"http:\/\/www.apr.gov.rs\" target=\"_blank\" rel=\"noopener noreferrer\"><u>www.apr.gov.rs<\/u><\/a><\/li>\n<li>Vergi Dairesi &#8211; <a href=\"http:\/\/www.poreskauprava.gov.rs\" target=\"_blank\" rel=\"noopener noreferrer\"><u>www.poreskauprava.gov.rs<\/u><\/a><\/li>\n<\/ul>\n<p><strong>ORGAN\u0130ZASYONLAR<\/strong><\/p>\n<ul>\n<li>S\u0131rbistan Kalk\u0131nma Ajans\u0131 &#8211; <a href=\"http:\/\/www.ras.gov.rs\" target=\"_blank\" rel=\"noopener noreferrer\"><u>www.ras.gov.rs<\/u><\/a><\/li>\n<li>S\u0131rbistan Ticaret ve Sanayi Odas\u0131 &#8211; <a href=\"http:\/\/www.pks.rs\" target=\"_blank\" rel=\"noopener noreferrer\"><u>www.pks.rs<\/u><\/a><\/li>\n<li>S\u0131rbistan Ulusal Turizm \u00d6rg\u00fct\u00fc &#8211; <a href=\"http:\/\/www.serbia.travel\" target=\"_blank\" rel=\"noopener noreferrer\"><u>www.serbia.travel<\/u><\/a><\/li>\n<li>PlanPlus &#8211; S\u0131rbistan&#8217;\u0131n dijital haritas\u0131 &#8211; <a href=\"http:\/\/www.planplus.rs\" target=\"_blank\" rel=\"noopener noreferrer\"><u>www.planplus.rs<\/u><\/a><\/li>\n<li>Belgrad Turizm Organizasyonu &#8211; <a href=\"http:\/\/www.tob.rs\" target=\"_blank\" rel=\"noopener noreferrer\"><u>www.tob.rs<\/u><\/a><\/li>\n<\/ul>\n<\/div><\/div><\/div><div class=\"fusion-layout-column fusion_builder_column fusion-builder-column-5 fusion_builder_column_1_6 1_6 fusion-flex-column\" style=\"--awb-bg-size:cover;--awb-width-large:16.666666666667%;--awb-margin-top-large:0px;--awb-spacing-right-large:11.52%;--awb-margin-bottom-large:20px;--awb-spacing-left-large:11.52%;--awb-width-medium:100%;--awb-order-medium:0;--awb-spacing-right-medium:1.92%;--awb-spacing-left-medium:1.92%;--awb-width-small:100%;--awb-order-small:0;--awb-spacing-right-small:1.92%;--awb-spacing-left-small:1.92%;\"><div class=\"fusion-column-wrapper fusion-column-has-shadow fusion-flex-justify-content-flex-start fusion-content-layout-column\"><\/div><\/div><\/div><\/div><\/p>\n","protected":false},"excerpt":{"rendered":"","protected":false},"author":2,"featured_media":0,"parent":0,"menu_order":0,"comment_status":"closed","ping_status":"closed","template":"100-width.php","meta":{"_acf_changed":false,"footnotes":""},"class_list":["post-512","page","type-page","status-publish","hentry"],"acf":[],"yoast_head":"<!-- This site is optimized with the Yoast SEO plugin v23.5 - https:\/\/yoast.com\/wordpress\/plugins\/seo\/ -->\n<title>S\u0131rbistan - Turkish-Serbian Business Association<\/title>\n<meta name=\"robots\" content=\"index, follow, max-snippet:-1, max-image-preview:large, max-video-preview:-1\" \/>\n<link rel=\"canonical\" href=\"https:\/\/tsba.org.rs\/tr\/sirbistan\/\" \/>\n<meta property=\"og:locale\" content=\"tr_TR\" \/>\n<meta property=\"og:type\" content=\"article\" \/>\n<meta property=\"og:title\" content=\"S\u0131rbistan - Turkish-Serbian Business Association\" \/>\n<meta property=\"og:url\" content=\"https:\/\/tsba.org.rs\/tr\/sirbistan\/\" \/>\n<meta property=\"og:site_name\" content=\"Turkish-Serbian Business Association\" \/>\n<meta property=\"article:modified_time\" content=\"2020-09-01T15:47:00+00:00\" \/>\n<meta name=\"twitter:card\" content=\"summary_large_image\" \/>\n<meta name=\"twitter:site\" content=\"@TSBA_Serbia\" \/>\n<meta name=\"twitter:label1\" content=\"Tahmini okuma s\u00fcresi\" \/>\n\t<meta name=\"twitter:data1\" content=\"23 dakika\" \/>\n<script type=\"application\/ld+json\" class=\"yoast-schema-graph\">{\"@context\":\"https:\/\/schema.org\",\"@graph\":[{\"@type\":\"WebPage\",\"@id\":\"https:\/\/tsba.org.rs\/tr\/sirbistan\/\",\"url\":\"https:\/\/tsba.org.rs\/tr\/sirbistan\/\",\"name\":\"S\u0131rbistan - Turkish-Serbian Business Association\",\"isPartOf\":{\"@id\":\"https:\/\/tsba.org.rs\/tr\/#website\"},\"datePublished\":\"2020-07-10T18:03:39+00:00\",\"dateModified\":\"2020-09-01T15:47:00+00:00\",\"breadcrumb\":{\"@id\":\"https:\/\/tsba.org.rs\/tr\/sirbistan\/#breadcrumb\"},\"inLanguage\":\"tr\",\"potentialAction\":[{\"@type\":\"ReadAction\",\"target\":[\"https:\/\/tsba.org.rs\/tr\/sirbistan\/\"]}]},{\"@type\":\"BreadcrumbList\",\"@id\":\"https:\/\/tsba.org.rs\/tr\/sirbistan\/#breadcrumb\",\"itemListElement\":[{\"@type\":\"ListItem\",\"position\":1,\"name\":\"Home\",\"item\":\"https:\/\/tsba.org.rs\/tr\/\"},{\"@type\":\"ListItem\",\"position\":2,\"name\":\"S\u0131rbistan\"}]},{\"@type\":\"WebSite\",\"@id\":\"https:\/\/tsba.org.rs\/tr\/#website\",\"url\":\"https:\/\/tsba.org.rs\/tr\/\",\"name\":\"Turkish-Serbian Business Association\",\"description\":\"\",\"publisher\":{\"@id\":\"https:\/\/tsba.org.rs\/tr\/#organization\"},\"potentialAction\":[{\"@type\":\"SearchAction\",\"target\":{\"@type\":\"EntryPoint\",\"urlTemplate\":\"https:\/\/tsba.org.rs\/tr\/?s={search_term_string}\"},\"query-input\":{\"@type\":\"PropertyValueSpecification\",\"valueRequired\":true,\"valueName\":\"search_term_string\"}}],\"inLanguage\":\"tr\"},{\"@type\":\"Organization\",\"@id\":\"https:\/\/tsba.org.rs\/tr\/#organization\",\"name\":\"Turkish Serbian Business Association\",\"url\":\"https:\/\/tsba.org.rs\/tr\/\",\"logo\":{\"@type\":\"ImageObject\",\"inLanguage\":\"tr\",\"@id\":\"https:\/\/tsba.org.rs\/tr\/#\/schema\/logo\/image\/\",\"url\":\"https:\/\/tsba.org.rs\/wp-content\/uploads\/2020\/06\/logo-250x53-1.png\",\"contentUrl\":\"https:\/\/tsba.org.rs\/wp-content\/uploads\/2020\/06\/logo-250x53-1.png\",\"width\":250,\"height\":53,\"caption\":\"Turkish Serbian Business Association\"},\"image\":{\"@id\":\"https:\/\/tsba.org.rs\/tr\/#\/schema\/logo\/image\/\"},\"sameAs\":[\"https:\/\/x.com\/TSBA_Serbia\",\"https:\/\/www.instagram.com\/tsbaserbia\/\",\"https:\/\/www.linkedin.com\/company\/turkish-serbian-business-association\"]}]}<\/script>\n<!-- \/ Yoast SEO plugin. -->","yoast_head_json":{"title":"S\u0131rbistan - Turkish-Serbian Business Association","robots":{"index":"index","follow":"follow","max-snippet":"max-snippet:-1","max-image-preview":"max-image-preview:large","max-video-preview":"max-video-preview:-1"},"canonical":"https:\/\/tsba.org.rs\/tr\/sirbistan\/","og_locale":"tr_TR","og_type":"article","og_title":"S\u0131rbistan - Turkish-Serbian Business Association","og_url":"https:\/\/tsba.org.rs\/tr\/sirbistan\/","og_site_name":"Turkish-Serbian Business Association","article_modified_time":"2020-09-01T15:47:00+00:00","twitter_card":"summary_large_image","twitter_site":"@TSBA_Serbia","twitter_misc":{"Tahmini okuma s\u00fcresi":"23 dakika"},"schema":{"@context":"https:\/\/schema.org","@graph":[{"@type":"WebPage","@id":"https:\/\/tsba.org.rs\/tr\/sirbistan\/","url":"https:\/\/tsba.org.rs\/tr\/sirbistan\/","name":"S\u0131rbistan - Turkish-Serbian Business Association","isPartOf":{"@id":"https:\/\/tsba.org.rs\/tr\/#website"},"datePublished":"2020-07-10T18:03:39+00:00","dateModified":"2020-09-01T15:47:00+00:00","breadcrumb":{"@id":"https:\/\/tsba.org.rs\/tr\/sirbistan\/#breadcrumb"},"inLanguage":"tr","potentialAction":[{"@type":"ReadAction","target":["https:\/\/tsba.org.rs\/tr\/sirbistan\/"]}]},{"@type":"BreadcrumbList","@id":"https:\/\/tsba.org.rs\/tr\/sirbistan\/#breadcrumb","itemListElement":[{"@type":"ListItem","position":1,"name":"Home","item":"https:\/\/tsba.org.rs\/tr\/"},{"@type":"ListItem","position":2,"name":"S\u0131rbistan"}]},{"@type":"WebSite","@id":"https:\/\/tsba.org.rs\/tr\/#website","url":"https:\/\/tsba.org.rs\/tr\/","name":"Turkish-Serbian Business Association","description":"","publisher":{"@id":"https:\/\/tsba.org.rs\/tr\/#organization"},"potentialAction":[{"@type":"SearchAction","target":{"@type":"EntryPoint","urlTemplate":"https:\/\/tsba.org.rs\/tr\/?s={search_term_string}"},"query-input":{"@type":"PropertyValueSpecification","valueRequired":true,"valueName":"search_term_string"}}],"inLanguage":"tr"},{"@type":"Organization","@id":"https:\/\/tsba.org.rs\/tr\/#organization","name":"Turkish Serbian Business Association","url":"https:\/\/tsba.org.rs\/tr\/","logo":{"@type":"ImageObject","inLanguage":"tr","@id":"https:\/\/tsba.org.rs\/tr\/#\/schema\/logo\/image\/","url":"https:\/\/tsba.org.rs\/wp-content\/uploads\/2020\/06\/logo-250x53-1.png","contentUrl":"https:\/\/tsba.org.rs\/wp-content\/uploads\/2020\/06\/logo-250x53-1.png","width":250,"height":53,"caption":"Turkish Serbian Business Association"},"image":{"@id":"https:\/\/tsba.org.rs\/tr\/#\/schema\/logo\/image\/"},"sameAs":["https:\/\/x.com\/TSBA_Serbia","https:\/\/www.instagram.com\/tsbaserbia\/","https:\/\/www.linkedin.com\/company\/turkish-serbian-business-association"]}]}},"_links":{"self":[{"href":"https:\/\/tsba.org.rs\/tr\/wp-json\/wp\/v2\/pages\/512","targetHints":{"allow":["GET"]}}],"collection":[{"href":"https:\/\/tsba.org.rs\/tr\/wp-json\/wp\/v2\/pages"}],"about":[{"href":"https:\/\/tsba.org.rs\/tr\/wp-json\/wp\/v2\/types\/page"}],"author":[{"embeddable":true,"href":"https:\/\/tsba.org.rs\/tr\/wp-json\/wp\/v2\/users\/2"}],"replies":[{"embeddable":true,"href":"https:\/\/tsba.org.rs\/tr\/wp-json\/wp\/v2\/comments?post=512"}],"version-history":[{"count":0,"href":"https:\/\/tsba.org.rs\/tr\/wp-json\/wp\/v2\/pages\/512\/revisions"}],"wp:attachment":[{"href":"https:\/\/tsba.org.rs\/tr\/wp-json\/wp\/v2\/media?parent=512"}],"curies":[{"name":"wp","href":"https:\/\/api.w.org\/{rel}","templated":true}]}}