{"id":581,"date":"2020-07-11T11:31:34","date_gmt":"2020-07-11T11:31:34","guid":{"rendered":"http:\/\/tsba.org.rs\/turkish-serbian-business-association\/?page_id=581"},"modified":"2020-08-28T19:00:05","modified_gmt":"2020-08-28T19:00:05","slug":"faaliyetler","status":"publish","type":"page","link":"https:\/\/tsba.org.rs\/tr\/faaliyetler\/","title":{"rendered":"Faaliyetler"},"content":{"rendered":"<div class=\"fusion-fullwidth fullwidth-box fusion-builder-row-1 nonhundred-percent-fullwidth non-hundred-percent-height-scrolling\" style=\"--awb-border-radius-top-left:0px;--awb-border-radius-top-right:0px;--awb-border-radius-bottom-right:0px;--awb-border-radius-bottom-left:0px;--awb-flex-wrap:wrap;\" ><div class=\"fusion-builder-row fusion-row\"><div class=\"fusion-layout-column fusion_builder_column fusion-builder-column-0 fusion_builder_column_1_6 1_6 fusion-one-sixth fusion-column-first\" style=\"--awb-bg-size:cover;width:16.666666666667%;width:calc(16.666666666667% - ( ( 4% + 4% ) * 0.16666666666667 ) );margin-right: 4%;\"><div class=\"fusion-column-wrapper fusion-column-has-shadow fusion-flex-column-wrapper-legacy\"><div class=\"fusion-clearfix\"><\/div><\/div><\/div><div class=\"fusion-layout-column fusion_builder_column fusion-builder-column-1 fusion_builder_column_2_3 2_3 fusion-two-third\" style=\"--awb-bg-size:cover;width:66.666666666667%;width:calc(66.666666666667% - ( ( 4% + 4% ) * 0.66666666666667 ) );margin-right: 4%;\"><div class=\"fusion-column-wrapper fusion-column-has-shadow fusion-flex-column-wrapper-legacy\"><div class=\"fusion-text fusion-text-1\"><p>T\u00fcrk \u2013 S\u0131rp Ekonomi Derne\u011fi S\u0131rbistan Cumhuriyeti ile T\u00fcrkiye Cumhuriyeti aras\u0131ndaki ekonomik i\u015fbirli\u011finin geli\u015ftirilmesini sa\u011flarken, bu iki \u00fclkenin i\u015f ve yat\u0131r\u0131m potansiyellerinin tan\u0131t\u0131m\u0131n\u0131 da te\u015fvik etmektedir. Derne\u011fimiz, T\u00fcrkiye Cumhuriyeti ve S\u0131rbistan Cumhuriyeti ekonomilerinin ve i\u015finsanlar\u0131n\u0131n \u00e7\u0131karlar\u0131n\u0131 korumakta; \u00fcyelerine ticari bilgiler, isti\u015fareler ve ticari arabuluculuk yoluyla destek sa\u011flamaktad\u0131r. Ayr\u0131ca, S\u0131rbistan Cumhuriyeti ve T\u00fcrkiye Cumhuriyeti&#8217;ndeki olas\u0131 yat\u0131r\u0131mlar hakk\u0131nda bilgi sa\u011flamaktad\u0131r.<\/p>\n<\/div><div class=\"fusion-clearfix\"><\/div><\/div><\/div><div class=\"fusion-layout-column fusion_builder_column fusion-builder-column-2 fusion_builder_column_1_6 1_6 fusion-one-sixth fusion-column-last\" style=\"--awb-bg-size:cover;width:16.666666666667%;width:calc(16.666666666667% - ( ( 4% + 4% ) * 0.16666666666667 ) );\"><div class=\"fusion-column-wrapper fusion-column-has-shadow fusion-flex-column-wrapper-legacy\"><div class=\"fusion-clearfix\"><\/div><\/div><\/div><\/div><\/div>\n","protected":false},"excerpt":{"rendered":"","protected":false},"author":2,"featured_media":0,"parent":0,"menu_order":0,"comment_status":"closed","ping_status":"closed","template":"100-width.php","meta":{"_acf_changed":false,"footnotes":""},"class_list":["post-581","page","type-page","status-publish","hentry"],"acf":[],"yoast_head":"<!-- This site is optimized with the Yoast SEO plugin v23.5 - https:\/\/yoast.com\/wordpress\/plugins\/seo\/ -->\n<title>Faaliyetler - Turkish-Serbian Business Association<\/title>\n<meta name=\"robots\" content=\"index, follow, max-snippet:-1, max-image-preview:large, max-video-preview:-1\" \/>\n<link rel=\"canonical\" href=\"https:\/\/tsba.org.rs\/tr\/faaliyetler\/\" \/>\n<meta property=\"og:locale\" content=\"tr_TR\" \/>\n<meta property=\"og:type\" content=\"article\" \/>\n<meta property=\"og:title\" content=\"Faaliyetler - Turkish-Serbian Business Association\" \/>\n<meta property=\"og:url\" content=\"https:\/\/tsba.org.rs\/tr\/faaliyetler\/\" \/>\n<meta property=\"og:site_name\" content=\"Turkish-Serbian Business Association\" \/>\n<meta property=\"article:modified_time\" content=\"2020-08-28T19:00:05+00:00\" \/>\n<meta name=\"twitter:card\" content=\"summary_large_image\" \/>\n<meta name=\"twitter:site\" content=\"@TSBA_Serbia\" \/>\n<meta name=\"twitter:label1\" content=\"Tahmini okuma s\u00fcresi\" \/>\n\t<meta name=\"twitter:data1\" content=\"4 dakika\" \/>\n<script type=\"application\/ld+json\" class=\"yoast-schema-graph\">{\"@context\":\"https:\/\/schema.org\",\"@graph\":[{\"@type\":\"WebPage\",\"@id\":\"https:\/\/tsba.org.rs\/tr\/faaliyetler\/\",\"url\":\"https:\/\/tsba.org.rs\/tr\/faaliyetler\/\",\"name\":\"Faaliyetler - Turkish-Serbian Business Association\",\"isPartOf\":{\"@id\":\"https:\/\/tsba.org.rs\/tr\/#website\"},\"datePublished\":\"2020-07-11T11:31:34+00:00\",\"dateModified\":\"2020-08-28T19:00:05+00:00\",\"breadcrumb\":{\"@id\":\"https:\/\/tsba.org.rs\/tr\/faaliyetler\/#breadcrumb\"},\"inLanguage\":\"tr\",\"potentialAction\":[{\"@type\":\"ReadAction\",\"target\":[\"https:\/\/tsba.org.rs\/tr\/faaliyetler\/\"]}]},{\"@type\":\"BreadcrumbList\",\"@id\":\"https:\/\/tsba.org.rs\/tr\/faaliyetler\/#breadcrumb\",\"itemListElement\":[{\"@type\":\"ListItem\",\"position\":1,\"name\":\"Home\",\"item\":\"https:\/\/tsba.org.rs\/tr\/\"},{\"@type\":\"ListItem\",\"position\":2,\"name\":\"Faaliyetler\"}]},{\"@type\":\"WebSite\",\"@id\":\"https:\/\/tsba.org.rs\/tr\/#website\",\"url\":\"https:\/\/tsba.org.rs\/tr\/\",\"name\":\"Turkish-Serbian Business Association\",\"description\":\"\",\"publisher\":{\"@id\":\"https:\/\/tsba.org.rs\/tr\/#organization\"},\"potentialAction\":[{\"@type\":\"SearchAction\",\"target\":{\"@type\":\"EntryPoint\",\"urlTemplate\":\"https:\/\/tsba.org.rs\/tr\/?s={search_term_string}\"},\"query-input\":{\"@type\":\"PropertyValueSpecification\",\"valueRequired\":true,\"valueName\":\"search_term_string\"}}],\"inLanguage\":\"tr\"},{\"@type\":\"Organization\",\"@id\":\"https:\/\/tsba.org.rs\/tr\/#organization\",\"name\":\"Turkish Serbian Business Association\",\"url\":\"https:\/\/tsba.org.rs\/tr\/\",\"logo\":{\"@type\":\"ImageObject\",\"inLanguage\":\"tr\",\"@id\":\"https:\/\/tsba.org.rs\/tr\/#\/schema\/logo\/image\/\",\"url\":\"https:\/\/tsba.org.rs\/wp-content\/uploads\/2020\/06\/logo-250x53-1.png\",\"contentUrl\":\"https:\/\/tsba.org.rs\/wp-content\/uploads\/2020\/06\/logo-250x53-1.png\",\"width\":250,\"height\":53,\"caption\":\"Turkish Serbian Business Association\"},\"image\":{\"@id\":\"https:\/\/tsba.org.rs\/tr\/#\/schema\/logo\/image\/\"},\"sameAs\":[\"https:\/\/x.com\/TSBA_Serbia\",\"https:\/\/www.instagram.com\/tsbaserbia\/\",\"https:\/\/www.linkedin.com\/company\/turkish-serbian-business-association\"]}]}<\/script>\n<!-- \/ Yoast SEO plugin. -->","yoast_head_json":{"title":"Faaliyetler - Turkish-Serbian Business Association","robots":{"index":"index","follow":"follow","max-snippet":"max-snippet:-1","max-image-preview":"max-image-preview:large","max-video-preview":"max-video-preview:-1"},"canonical":"https:\/\/tsba.org.rs\/tr\/faaliyetler\/","og_locale":"tr_TR","og_type":"article","og_title":"Faaliyetler - Turkish-Serbian Business Association","og_url":"https:\/\/tsba.org.rs\/tr\/faaliyetler\/","og_site_name":"Turkish-Serbian Business Association","article_modified_time":"2020-08-28T19:00:05+00:00","twitter_card":"summary_large_image","twitter_site":"@TSBA_Serbia","twitter_misc":{"Tahmini okuma s\u00fcresi":"4 dakika"},"schema":{"@context":"https:\/\/schema.org","@graph":[{"@type":"WebPage","@id":"https:\/\/tsba.org.rs\/tr\/faaliyetler\/","url":"https:\/\/tsba.org.rs\/tr\/faaliyetler\/","name":"Faaliyetler - Turkish-Serbian Business Association","isPartOf":{"@id":"https:\/\/tsba.org.rs\/tr\/#website"},"datePublished":"2020-07-11T11:31:34+00:00","dateModified":"2020-08-28T19:00:05+00:00","breadcrumb":{"@id":"https:\/\/tsba.org.rs\/tr\/faaliyetler\/#breadcrumb"},"inLanguage":"tr","potentialAction":[{"@type":"ReadAction","target":["https:\/\/tsba.org.rs\/tr\/faaliyetler\/"]}]},{"@type":"BreadcrumbList","@id":"https:\/\/tsba.org.rs\/tr\/faaliyetler\/#breadcrumb","itemListElement":[{"@type":"ListItem","position":1,"name":"Home","item":"https:\/\/tsba.org.rs\/tr\/"},{"@type":"ListItem","position":2,"name":"Faaliyetler"}]},{"@type":"WebSite","@id":"https:\/\/tsba.org.rs\/tr\/#website","url":"https:\/\/tsba.org.rs\/tr\/","name":"Turkish-Serbian Business Association","description":"","publisher":{"@id":"https:\/\/tsba.org.rs\/tr\/#organization"},"potentialAction":[{"@type":"SearchAction","target":{"@type":"EntryPoint","urlTemplate":"https:\/\/tsba.org.rs\/tr\/?s={search_term_string}"},"query-input":{"@type":"PropertyValueSpecification","valueRequired":true,"valueName":"search_term_string"}}],"inLanguage":"tr"},{"@type":"Organization","@id":"https:\/\/tsba.org.rs\/tr\/#organization","name":"Turkish Serbian Business Association","url":"https:\/\/tsba.org.rs\/tr\/","logo":{"@type":"ImageObject","inLanguage":"tr","@id":"https:\/\/tsba.org.rs\/tr\/#\/schema\/logo\/image\/","url":"https:\/\/tsba.org.rs\/wp-content\/uploads\/2020\/06\/logo-250x53-1.png","contentUrl":"https:\/\/tsba.org.rs\/wp-content\/uploads\/2020\/06\/logo-250x53-1.png","width":250,"height":53,"caption":"Turkish Serbian Business Association"},"image":{"@id":"https:\/\/tsba.org.rs\/tr\/#\/schema\/logo\/image\/"},"sameAs":["https:\/\/x.com\/TSBA_Serbia","https:\/\/www.instagram.com\/tsbaserbia\/","https:\/\/www.linkedin.com\/company\/turkish-serbian-business-association"]}]}},"_links":{"self":[{"href":"https:\/\/tsba.org.rs\/tr\/wp-json\/wp\/v2\/pages\/581","targetHints":{"allow":["GET"]}}],"collection":[{"href":"https:\/\/tsba.org.rs\/tr\/wp-json\/wp\/v2\/pages"}],"about":[{"href":"https:\/\/tsba.org.rs\/tr\/wp-json\/wp\/v2\/types\/page"}],"author":[{"embeddable":true,"href":"https:\/\/tsba.org.rs\/tr\/wp-json\/wp\/v2\/users\/2"}],"replies":[{"embeddable":true,"href":"https:\/\/tsba.org.rs\/tr\/wp-json\/wp\/v2\/comments?post=581"}],"version-history":[{"count":0,"href":"https:\/\/tsba.org.rs\/tr\/wp-json\/wp\/v2\/pages\/581\/revisions"}],"wp:attachment":[{"href":"https:\/\/tsba.org.rs\/tr\/wp-json\/wp\/v2\/media?parent=581"}],"curies":[{"name":"wp","href":"https:\/\/api.w.org\/{rel}","templated":true}]}}