{"id":837,"date":"2020-07-13T12:58:00","date_gmt":"2020-07-13T12:58:00","guid":{"rendered":"http:\/\/tsba.org.rs\/turkish-serbian-business-association\/?page_id=837"},"modified":"2023-09-11T09:57:55","modified_gmt":"2023-09-11T09:57:55","slug":"baskan","status":"publish","type":"page","link":"https:\/\/tsba.org.rs\/tr\/baskan\/","title":{"rendered":"Ba\u015fkan"},"content":{"rendered":"<p><div class=\"fusion-fullwidth fullwidth-box fusion-builder-row-1 fusion-flex-container has-pattern-background has-mask-background nonhundred-percent-fullwidth non-hundred-percent-height-scrolling\" style=\"--awb-border-radius-top-left:0px;--awb-border-radius-top-right:0px;--awb-border-radius-bottom-right:0px;--awb-border-radius-bottom-left:0px;--awb-margin-bottom:50px;--awb-margin-bottom-medium:20px;--awb-margin-bottom-small:20px;--awb-flex-wrap:wrap;\" ><div class=\"fusion-builder-row fusion-row fusion-flex-align-items-flex-start fusion-flex-content-wrap\" style=\"max-width:1248px;margin-left: calc(-4% \/ 2 );margin-right: calc(-4% \/ 2 );\"><div class=\"fusion-layout-column fusion_builder_column fusion-builder-column-0 fusion_builder_column_1_6 1_6 fusion-flex-column\" style=\"--awb-bg-size:cover;--awb-width-large:16.666666666667%;--awb-margin-top-large:0px;--awb-spacing-right-large:11.52%;--awb-margin-bottom-large:20px;--awb-spacing-left-large:11.52%;--awb-width-medium:100%;--awb-order-medium:0;--awb-spacing-right-medium:1.92%;--awb-spacing-left-medium:1.92%;--awb-width-small:100%;--awb-order-small:0;--awb-spacing-right-small:1.92%;--awb-spacing-left-small:1.92%;\"><div class=\"fusion-column-wrapper fusion-column-has-shadow fusion-flex-justify-content-flex-start fusion-content-layout-column\"><\/div><\/div><div class=\"fusion-layout-column fusion_builder_column fusion-builder-column-1 fusion_builder_column_1_3 1_3 fusion-flex-column\" style=\"--awb-bg-size:cover;--awb-width-large:33.333333333333%;--awb-margin-top-large:0px;--awb-spacing-right-large:5.76%;--awb-margin-bottom-large:20px;--awb-spacing-left-large:5.76%;--awb-width-medium:100%;--awb-order-medium:0;--awb-spacing-right-medium:1.92%;--awb-spacing-left-medium:1.92%;--awb-width-small:100%;--awb-order-small:0;--awb-spacing-right-small:1.92%;--awb-spacing-left-small:1.92%;\"><div class=\"fusion-column-wrapper fusion-column-has-shadow fusion-flex-justify-content-flex-start fusion-content-layout-column\"><div class=\"fusion-image-element \" style=\"--awb-caption-title-font-family:var(--h2_typography-font-family);--awb-caption-title-font-weight:var(--h2_typography-font-weight);--awb-caption-title-font-style:var(--h2_typography-font-style);--awb-caption-title-size:var(--h2_typography-font-size);--awb-caption-title-transform:var(--h2_typography-text-transform);--awb-caption-title-line-height:var(--h2_typography-line-height);--awb-caption-title-letter-spacing:var(--h2_typography-letter-spacing);\"><span class=\" fusion-imageframe imageframe-none imageframe-1 hover-type-none\"><img decoding=\"async\" width=\"444\" height=\"444\" title=\"fatih-karaca\" src=\"https:\/\/tsba.org.rs\/wp-content\/uploads\/2023\/09\/fatih-karaca.jpg\" alt class=\"img-responsive wp-image-2505\" srcset=\"https:\/\/tsba.org.rs\/wp-content\/uploads\/2023\/09\/fatih-karaca-200x200.jpg 200w, https:\/\/tsba.org.rs\/wp-content\/uploads\/2023\/09\/fatih-karaca-400x400.jpg 400w, https:\/\/tsba.org.rs\/wp-content\/uploads\/2023\/09\/fatih-karaca.jpg 444w\" sizes=\"(max-width: 1024px) 100vw, (max-width: 640px) 100vw, 400px\" \/><\/span><\/div><\/div><\/div><div class=\"fusion-layout-column fusion_builder_column fusion-builder-column-2 fusion_builder_column_1_3 1_3 fusion-flex-column\" style=\"--awb-bg-size:cover;--awb-width-large:33.333333333333%;--awb-margin-top-large:0px;--awb-spacing-right-large:5.76%;--awb-margin-bottom-large:20px;--awb-spacing-left-large:5.76%;--awb-width-medium:100%;--awb-order-medium:0;--awb-spacing-right-medium:1.92%;--awb-spacing-left-medium:1.92%;--awb-width-small:100%;--awb-order-small:0;--awb-spacing-right-small:1.92%;--awb-margin-bottom-small:0px;--awb-spacing-left-small:1.92%;\"><div class=\"fusion-column-wrapper fusion-column-has-shadow fusion-flex-justify-content-flex-start fusion-content-layout-column\"><div class=\"fusion-title title fusion-title-1 fusion-sep-none fusion-title-text fusion-title-size-two\" style=\"--awb-font-size:50px;\"><h2 class=\"fusion-title-heading title-heading-left fusion-responsive-typography-calculated\" style=\"margin:0;font-size:1em;--fontSize:50;line-height:1.2;\"><p style=\"font-weight: 400;\"><strong>Fatih Karaca<\/strong><\/p><\/h2><\/div><div class=\"fusion-separator\" style=\"align-self: flex-start;margin-right:auto;margin-top:5px;margin-bottom:20px;width:100%;max-width:150px;\"><div class=\"fusion-separator-border sep-single sep-solid\" style=\"--awb-height:20px;--awb-amount:20px;--awb-sep-color:#ad1e2b;border-color:#ad1e2b;border-top-width:2px;\"><\/div><\/div><div class=\"fusion-title title fusion-title-2 fusion-sep-none fusion-title-text fusion-title-size-three\"><h3 class=\"fusion-title-heading title-heading-left fusion-responsive-typography-calculated\" style=\"margin:0;--fontSize:32;line-height:1.3;\">Y\u00f6netim Kurulu Ba\u015fkan\u0131<\/h3><\/div><\/div><\/div><div class=\"fusion-layout-column fusion_builder_column fusion-builder-column-3 fusion_builder_column_1_6 1_6 fusion-flex-column\" style=\"--awb-bg-size:cover;--awb-width-large:16.666666666667%;--awb-margin-top-large:0px;--awb-spacing-right-large:11.52%;--awb-margin-bottom-large:20px;--awb-spacing-left-large:11.52%;--awb-width-medium:100%;--awb-order-medium:0;--awb-spacing-right-medium:1.92%;--awb-spacing-left-medium:1.92%;--awb-width-small:100%;--awb-order-small:0;--awb-spacing-right-small:1.92%;--awb-spacing-left-small:1.92%;\"><div class=\"fusion-column-wrapper fusion-column-has-shadow fusion-flex-justify-content-flex-start fusion-content-layout-column\"><\/div><\/div><\/div><\/div><div class=\"fusion-fullwidth fullwidth-box fusion-builder-row-2 nonhundred-percent-fullwidth non-hundred-percent-height-scrolling\" style=\"--awb-border-radius-top-left:0px;--awb-border-radius-top-right:0px;--awb-border-radius-bottom-right:0px;--awb-border-radius-bottom-left:0px;--awb-flex-wrap:wrap;\" ><div class=\"fusion-builder-row fusion-row\"><div class=\"fusion-layout-column fusion_builder_column fusion-builder-column-4 fusion_builder_column_1_6 1_6 fusion-one-sixth fusion-column-first\" style=\"--awb-bg-size:cover;width:16.666666666667%;width:calc(16.666666666667% - ( ( 4% + 4% ) * 0.16666666666667 ) );margin-right: 4%;\"><div class=\"fusion-column-wrapper fusion-column-has-shadow fusion-flex-column-wrapper-legacy\"><div class=\"fusion-clearfix\"><\/div><\/div><\/div><div class=\"fusion-layout-column fusion_builder_column fusion-builder-column-5 fusion_builder_column_2_3 2_3 fusion-two-third\" style=\"--awb-bg-size:cover;width:66.666666666667%;width:calc(66.666666666667% - ( ( 4% + 4% ) * 0.66666666666667 ) );margin-right: 4%;\"><div class=\"fusion-column-wrapper fusion-column-has-shadow fusion-flex-column-wrapper-legacy\"><div class=\"fusion-text fusion-text-1\"><p>Fatih Karaca, Tekstil M\u00fchendisli\u011fi alan\u0131nda lisans derecesine sahip olup, daha sonra \u0130\u015fletme alan\u0131nda y\u00fcksek lisans derecesi alm\u0131\u015ft\u0131r. K\u0131sa bir \u00f6zel sekt\u00f6r deneyiminin ard\u0131ndan bir y\u0131l Ziraat Bankas\u0131 Bankac\u0131l\u0131k Okulu&#8217;nda okudu. Mezun olduktan sonra bankac\u0131l\u0131k kariyerine Ziraat Bankas\u0131 Alsancak \u015fubesinde uzman olarak ba\u015flad\u0131. Ziraat Bankas\u0131&#8217;nda Genel M\u00fcd\u00fcrl\u00fckte Tar\u0131msal Pazarlama M\u00fcd\u00fcrl\u00fc\u011f\u00fc&#8217;nde Uzman, \u015fubede Ticari ve Tar\u0131msal Krediler M\u00fcd\u00fcrl\u00fc\u011f\u00fc&#8217;nde M\u00fcd\u00fcr Yard\u0131mc\u0131l\u0131\u011f\u0131, B\u00f6lge M\u00fcd\u00fcrl\u00fc\u011f\u00fc&#8217;nde Bireysel Pazarlama ve Nakit Y\u00f6netimi M\u00fcd\u00fcrl\u00fc\u011f\u00fc&#8217;nde M\u00fcd\u00fcr Yard\u0131mc\u0131l\u0131\u011f\u0131 g\u00f6revlerinde bulundu. T\u00fcrkiye&#8217;de bankac\u0131l\u0131k sekt\u00f6r\u00fcnde 10 y\u0131l \u00e7al\u0131\u015ft\u0131ktan sonra 2010 y\u0131l\u0131nda Ziraat Bankas\u0131&#8217;n\u0131n \u00e7ok say\u0131da uluslararas\u0131 \u015fubesinden biri olan \u00dcsk\u00fcp, Kuzey Makedonya&#8217;da Ziraat Bankas\u0131 a.d. Skoplje Makedonya&#8217;da Pazarlama ve Krediler Ba\u015fkan\u0131 olarak g\u00f6revinde bulundu.<\/p>\n<p>2012 y\u0131l\u0131nda \u00dcsk\u00fcp&#8217;teki Ziraat Bankas\u0131, \u00dcsk\u00fcp&#8217;teki Halkbank ile birle\u015ftirilmi\u015ftir. Karaca, bankalar\u0131n birle\u015ftirilmesi s\u00fcrecinde yer ald\u0131 ve ard\u0131ndan Halkbank&#8217;\u0131n Belgrad&#8217;da temsilcisi olarak \u00e7al\u0131\u015fmaya ba\u015flad\u0131.<\/p>\n<p style=\"font-weight: 400;\">2012 y\u0131l\u0131nda Belgrad&#8217;a ta\u015f\u0131nan Karaca, S\u0131rbistan&#8217;da Halkbank temsilcili\u011fini kurmu\u015f ve 2015 y\u0131l\u0131nda T\u00fcrk Halkbank&#8217;\u0131n \u010ca\u010danska bankan\u0131n \u00e7o\u011funluk sahibi oldu\u011fu tarihe kadar y\u00f6neticili\u011fini yapm\u0131\u015ft\u0131r.\u00a0Temsilcilik g\u00f6revinin misyonunu tamamlamas\u0131n\u0131n ard\u0131ndan\u00a0kariyerine S\u0131rbistan&#8217;da Halkbank a.d. Beograd&#8217;da Pazarlama Direkt\u00f6r\u00fc olarak \u00e7al\u0131\u015fmaya devam\u00a0eden Karaca,\u00a0Temmuz 2022&#8217;den itibaren Halkbank a.d. Beograd CEO&#8217;su dan\u0131\u015fman\u0131 olarak kariyerine devam\u00a0etmektedir.<\/p>\n<\/div><div class=\"fusion-clearfix\"><\/div><\/div><\/div><div class=\"fusion-layout-column fusion_builder_column fusion-builder-column-6 fusion_builder_column_1_6 1_6 fusion-one-sixth fusion-column-last\" style=\"--awb-bg-size:cover;width:16.666666666667%;width:calc(16.666666666667% - ( ( 4% + 4% ) * 0.16666666666667 ) );\"><div class=\"fusion-column-wrapper fusion-column-has-shadow fusion-flex-column-wrapper-legacy\"><div class=\"fusion-clearfix\"><\/div><\/div><\/div><\/div><\/div><\/p>\n","protected":false},"excerpt":{"rendered":"","protected":false},"author":2,"featured_media":441,"parent":0,"menu_order":0,"comment_status":"closed","ping_status":"closed","template":"100-width.php","meta":{"_acf_changed":false,"footnotes":""},"class_list":["post-837","page","type-page","status-publish","has-post-thumbnail","hentry"],"acf":[],"yoast_head":"<!-- This site is optimized with the Yoast SEO plugin v23.5 - https:\/\/yoast.com\/wordpress\/plugins\/seo\/ -->\n<title>Ba\u015fkan - Turkish-Serbian Business Association<\/title>\n<meta name=\"description\" content=\"Fatih Karaca, Tekstil M\u00fchendisli\u011fi alan\u0131nda lisans derecesine sahip olup, daha sonra \u0130\u015fletme alan\u0131nda y\u00fcksek lisans derecesi alm\u0131\u015ft\u0131r. K\u0131sa bir \u00f6zel sekt\u00f6r deneyiminin ard\u0131ndan bir y\u0131l Ziraat Bankas\u0131 Bankac\u0131l\u0131k Okulu&#039;nda okudu.\" \/>\n<meta name=\"robots\" content=\"index, follow, max-snippet:-1, max-image-preview:large, max-video-preview:-1\" \/>\n<link rel=\"canonical\" href=\"https:\/\/tsba.org.rs\/tr\/baskan\/\" \/>\n<meta property=\"og:locale\" content=\"tr_TR\" \/>\n<meta property=\"og:type\" content=\"article\" \/>\n<meta property=\"og:title\" content=\"Ba\u015fkan - Turkish-Serbian Business Association\" \/>\n<meta property=\"og:description\" content=\"Fatih Karaca, Tekstil M\u00fchendisli\u011fi alan\u0131nda lisans derecesine sahip olup, daha sonra \u0130\u015fletme alan\u0131nda y\u00fcksek lisans derecesi alm\u0131\u015ft\u0131r. K\u0131sa bir \u00f6zel sekt\u00f6r deneyiminin ard\u0131ndan bir y\u0131l Ziraat Bankas\u0131 Bankac\u0131l\u0131k Okulu&#039;nda okudu.\" \/>\n<meta property=\"og:url\" content=\"https:\/\/tsba.org.rs\/tr\/baskan\/\" \/>\n<meta property=\"og:site_name\" content=\"Turkish-Serbian Business Association\" \/>\n<meta property=\"article:modified_time\" content=\"2023-09-11T09:57:55+00:00\" \/>\n<meta property=\"og:image\" content=\"https:\/\/tsba.org.rs\/wp-content\/uploads\/2020\/06\/placeholder_post3.jpg\" \/>\n\t<meta property=\"og:image:width\" content=\"800\" \/>\n\t<meta property=\"og:image:height\" content=\"600\" \/>\n\t<meta property=\"og:image:type\" content=\"image\/jpeg\" \/>\n<meta name=\"twitter:card\" content=\"summary_large_image\" \/>\n<meta name=\"twitter:site\" content=\"@TSBA_Serbia\" \/>\n<meta name=\"twitter:label1\" content=\"Tahmini okuma s\u00fcresi\" \/>\n\t<meta name=\"twitter:data1\" content=\"15 dakika\" \/>\n<script type=\"application\/ld+json\" class=\"yoast-schema-graph\">{\"@context\":\"https:\/\/schema.org\",\"@graph\":[{\"@type\":\"WebPage\",\"@id\":\"https:\/\/tsba.org.rs\/tr\/baskan\/\",\"url\":\"https:\/\/tsba.org.rs\/tr\/baskan\/\",\"name\":\"Ba\u015fkan - Turkish-Serbian Business Association\",\"isPartOf\":{\"@id\":\"https:\/\/tsba.org.rs\/tr\/#website\"},\"primaryImageOfPage\":{\"@id\":\"https:\/\/tsba.org.rs\/tr\/baskan\/#primaryimage\"},\"image\":{\"@id\":\"https:\/\/tsba.org.rs\/tr\/baskan\/#primaryimage\"},\"thumbnailUrl\":\"https:\/\/tsba.org.rs\/wp-content\/uploads\/2020\/06\/placeholder_post3.jpg\",\"datePublished\":\"2020-07-13T12:58:00+00:00\",\"dateModified\":\"2023-09-11T09:57:55+00:00\",\"description\":\"Fatih Karaca, Tekstil M\u00fchendisli\u011fi alan\u0131nda lisans derecesine sahip olup, daha sonra \u0130\u015fletme alan\u0131nda y\u00fcksek lisans derecesi alm\u0131\u015ft\u0131r. K\u0131sa bir \u00f6zel sekt\u00f6r deneyiminin ard\u0131ndan bir y\u0131l Ziraat Bankas\u0131 Bankac\u0131l\u0131k Okulu'nda okudu.\",\"breadcrumb\":{\"@id\":\"https:\/\/tsba.org.rs\/tr\/baskan\/#breadcrumb\"},\"inLanguage\":\"tr\",\"potentialAction\":[{\"@type\":\"ReadAction\",\"target\":[\"https:\/\/tsba.org.rs\/tr\/baskan\/\"]}]},{\"@type\":\"ImageObject\",\"inLanguage\":\"tr\",\"@id\":\"https:\/\/tsba.org.rs\/tr\/baskan\/#primaryimage\",\"url\":\"https:\/\/tsba.org.rs\/wp-content\/uploads\/2020\/06\/placeholder_post3.jpg\",\"contentUrl\":\"https:\/\/tsba.org.rs\/wp-content\/uploads\/2020\/06\/placeholder_post3.jpg\",\"width\":800,\"height\":600,\"caption\":\"Illustration (Photo: Yuriy Boyko\/shutterstock.com)\"},{\"@type\":\"BreadcrumbList\",\"@id\":\"https:\/\/tsba.org.rs\/tr\/baskan\/#breadcrumb\",\"itemListElement\":[{\"@type\":\"ListItem\",\"position\":1,\"name\":\"Home\",\"item\":\"https:\/\/tsba.org.rs\/tr\/\"},{\"@type\":\"ListItem\",\"position\":2,\"name\":\"Ba\u015fkan\"}]},{\"@type\":\"WebSite\",\"@id\":\"https:\/\/tsba.org.rs\/tr\/#website\",\"url\":\"https:\/\/tsba.org.rs\/tr\/\",\"name\":\"Turkish-Serbian Business Association\",\"description\":\"\",\"publisher\":{\"@id\":\"https:\/\/tsba.org.rs\/tr\/#organization\"},\"potentialAction\":[{\"@type\":\"SearchAction\",\"target\":{\"@type\":\"EntryPoint\",\"urlTemplate\":\"https:\/\/tsba.org.rs\/tr\/?s={search_term_string}\"},\"query-input\":{\"@type\":\"PropertyValueSpecification\",\"valueRequired\":true,\"valueName\":\"search_term_string\"}}],\"inLanguage\":\"tr\"},{\"@type\":\"Organization\",\"@id\":\"https:\/\/tsba.org.rs\/tr\/#organization\",\"name\":\"Turkish Serbian Business Association\",\"url\":\"https:\/\/tsba.org.rs\/tr\/\",\"logo\":{\"@type\":\"ImageObject\",\"inLanguage\":\"tr\",\"@id\":\"https:\/\/tsba.org.rs\/tr\/#\/schema\/logo\/image\/\",\"url\":\"https:\/\/tsba.org.rs\/wp-content\/uploads\/2020\/06\/logo-250x53-1.png\",\"contentUrl\":\"https:\/\/tsba.org.rs\/wp-content\/uploads\/2020\/06\/logo-250x53-1.png\",\"width\":250,\"height\":53,\"caption\":\"Turkish Serbian Business Association\"},\"image\":{\"@id\":\"https:\/\/tsba.org.rs\/tr\/#\/schema\/logo\/image\/\"},\"sameAs\":[\"https:\/\/x.com\/TSBA_Serbia\",\"https:\/\/www.instagram.com\/tsbaserbia\/\",\"https:\/\/www.linkedin.com\/company\/turkish-serbian-business-association\"]}]}<\/script>\n<!-- \/ Yoast SEO plugin. -->","yoast_head_json":{"title":"Ba\u015fkan - Turkish-Serbian Business Association","description":"Fatih Karaca, Tekstil M\u00fchendisli\u011fi alan\u0131nda lisans derecesine sahip olup, daha sonra \u0130\u015fletme alan\u0131nda y\u00fcksek lisans derecesi alm\u0131\u015ft\u0131r. K\u0131sa bir \u00f6zel sekt\u00f6r deneyiminin ard\u0131ndan bir y\u0131l Ziraat Bankas\u0131 Bankac\u0131l\u0131k Okulu'nda okudu.","robots":{"index":"index","follow":"follow","max-snippet":"max-snippet:-1","max-image-preview":"max-image-preview:large","max-video-preview":"max-video-preview:-1"},"canonical":"https:\/\/tsba.org.rs\/tr\/baskan\/","og_locale":"tr_TR","og_type":"article","og_title":"Ba\u015fkan - Turkish-Serbian Business Association","og_description":"Fatih Karaca, Tekstil M\u00fchendisli\u011fi alan\u0131nda lisans derecesine sahip olup, daha sonra \u0130\u015fletme alan\u0131nda y\u00fcksek lisans derecesi alm\u0131\u015ft\u0131r. K\u0131sa bir \u00f6zel sekt\u00f6r deneyiminin ard\u0131ndan bir y\u0131l Ziraat Bankas\u0131 Bankac\u0131l\u0131k Okulu'nda okudu.","og_url":"https:\/\/tsba.org.rs\/tr\/baskan\/","og_site_name":"Turkish-Serbian Business Association","article_modified_time":"2023-09-11T09:57:55+00:00","og_image":[{"width":800,"height":600,"url":"https:\/\/tsba.org.rs\/wp-content\/uploads\/2020\/06\/placeholder_post3.jpg","type":"image\/jpeg"}],"twitter_card":"summary_large_image","twitter_site":"@TSBA_Serbia","twitter_misc":{"Tahmini okuma s\u00fcresi":"15 dakika"},"schema":{"@context":"https:\/\/schema.org","@graph":[{"@type":"WebPage","@id":"https:\/\/tsba.org.rs\/tr\/baskan\/","url":"https:\/\/tsba.org.rs\/tr\/baskan\/","name":"Ba\u015fkan - Turkish-Serbian Business Association","isPartOf":{"@id":"https:\/\/tsba.org.rs\/tr\/#website"},"primaryImageOfPage":{"@id":"https:\/\/tsba.org.rs\/tr\/baskan\/#primaryimage"},"image":{"@id":"https:\/\/tsba.org.rs\/tr\/baskan\/#primaryimage"},"thumbnailUrl":"https:\/\/tsba.org.rs\/wp-content\/uploads\/2020\/06\/placeholder_post3.jpg","datePublished":"2020-07-13T12:58:00+00:00","dateModified":"2023-09-11T09:57:55+00:00","description":"Fatih Karaca, Tekstil M\u00fchendisli\u011fi alan\u0131nda lisans derecesine sahip olup, daha sonra \u0130\u015fletme alan\u0131nda y\u00fcksek lisans derecesi alm\u0131\u015ft\u0131r. K\u0131sa bir \u00f6zel sekt\u00f6r deneyiminin ard\u0131ndan bir y\u0131l Ziraat Bankas\u0131 Bankac\u0131l\u0131k Okulu'nda okudu.","breadcrumb":{"@id":"https:\/\/tsba.org.rs\/tr\/baskan\/#breadcrumb"},"inLanguage":"tr","potentialAction":[{"@type":"ReadAction","target":["https:\/\/tsba.org.rs\/tr\/baskan\/"]}]},{"@type":"ImageObject","inLanguage":"tr","@id":"https:\/\/tsba.org.rs\/tr\/baskan\/#primaryimage","url":"https:\/\/tsba.org.rs\/wp-content\/uploads\/2020\/06\/placeholder_post3.jpg","contentUrl":"https:\/\/tsba.org.rs\/wp-content\/uploads\/2020\/06\/placeholder_post3.jpg","width":800,"height":600,"caption":"Illustration (Photo: Yuriy Boyko\/shutterstock.com)"},{"@type":"BreadcrumbList","@id":"https:\/\/tsba.org.rs\/tr\/baskan\/#breadcrumb","itemListElement":[{"@type":"ListItem","position":1,"name":"Home","item":"https:\/\/tsba.org.rs\/tr\/"},{"@type":"ListItem","position":2,"name":"Ba\u015fkan"}]},{"@type":"WebSite","@id":"https:\/\/tsba.org.rs\/tr\/#website","url":"https:\/\/tsba.org.rs\/tr\/","name":"Turkish-Serbian Business Association","description":"","publisher":{"@id":"https:\/\/tsba.org.rs\/tr\/#organization"},"potentialAction":[{"@type":"SearchAction","target":{"@type":"EntryPoint","urlTemplate":"https:\/\/tsba.org.rs\/tr\/?s={search_term_string}"},"query-input":{"@type":"PropertyValueSpecification","valueRequired":true,"valueName":"search_term_string"}}],"inLanguage":"tr"},{"@type":"Organization","@id":"https:\/\/tsba.org.rs\/tr\/#organization","name":"Turkish Serbian Business Association","url":"https:\/\/tsba.org.rs\/tr\/","logo":{"@type":"ImageObject","inLanguage":"tr","@id":"https:\/\/tsba.org.rs\/tr\/#\/schema\/logo\/image\/","url":"https:\/\/tsba.org.rs\/wp-content\/uploads\/2020\/06\/logo-250x53-1.png","contentUrl":"https:\/\/tsba.org.rs\/wp-content\/uploads\/2020\/06\/logo-250x53-1.png","width":250,"height":53,"caption":"Turkish Serbian Business Association"},"image":{"@id":"https:\/\/tsba.org.rs\/tr\/#\/schema\/logo\/image\/"},"sameAs":["https:\/\/x.com\/TSBA_Serbia","https:\/\/www.instagram.com\/tsbaserbia\/","https:\/\/www.linkedin.com\/company\/turkish-serbian-business-association"]}]}},"_links":{"self":[{"href":"https:\/\/tsba.org.rs\/tr\/wp-json\/wp\/v2\/pages\/837","targetHints":{"allow":["GET"]}}],"collection":[{"href":"https:\/\/tsba.org.rs\/tr\/wp-json\/wp\/v2\/pages"}],"about":[{"href":"https:\/\/tsba.org.rs\/tr\/wp-json\/wp\/v2\/types\/page"}],"author":[{"embeddable":true,"href":"https:\/\/tsba.org.rs\/tr\/wp-json\/wp\/v2\/users\/2"}],"replies":[{"embeddable":true,"href":"https:\/\/tsba.org.rs\/tr\/wp-json\/wp\/v2\/comments?post=837"}],"version-history":[{"count":3,"href":"https:\/\/tsba.org.rs\/tr\/wp-json\/wp\/v2\/pages\/837\/revisions"}],"predecessor-version":[{"id":2511,"href":"https:\/\/tsba.org.rs\/tr\/wp-json\/wp\/v2\/pages\/837\/revisions\/2511"}],"wp:featuredmedia":[{"embeddable":true,"href":"https:\/\/tsba.org.rs\/tr\/wp-json\/wp\/v2\/media\/441"}],"wp:attachment":[{"href":"https:\/\/tsba.org.rs\/tr\/wp-json\/wp\/v2\/media?parent=837"}],"curies":[{"name":"wp","href":"https:\/\/api.w.org\/{rel}","templated":true}]}}